{"id":124,"date":"2023-11-15T20:34:11","date_gmt":"2023-11-15T23:34:11","guid":{"rendered":"https:\/\/mapc.ong.br\/?page_id=124"},"modified":"2023-11-18T16:44:29","modified_gmt":"2023-11-18T19:44:29","slug":"sobre-nos","status":"publish","type":"page","link":"https:\/\/mapc.ong.br\/?page_id=124","title":{"rendered":"Sobre N\u00f3s"},"content":{"rendered":"\t\t<div data-elementor-type=\"wp-page\" data-elementor-id=\"124\" class=\"elementor elementor-124\">\n\t\t\t\t<div class=\"elementor-element elementor-element-298f997 e-flex e-con-boxed e-con e-parent\" data-id=\"298f997\" data-element_type=\"container\" data-e-type=\"container\">\n\t\t\t\t\t<div class=\"e-con-inner\">\n\t\t<div class=\"elementor-element elementor-element-9ec0d28 e-con-full e-flex e-con e-child\" data-id=\"9ec0d28\" data-element_type=\"container\" data-e-type=\"container\">\n\t\t\t\t<div class=\"elementor-element elementor-element-5a5b18b elementor-widget elementor-widget-text-editor\" data-id=\"5a5b18b\" data-element_type=\"widget\" data-e-type=\"widget\" data-widget_type=\"text-editor.default\">\n\t\t\t\t<div class=\"elementor-widget-container\">\n\t\t\t\t\t\t\t\t\t<p>Quem somos<\/p><p style=\"text-align: justify; background: white; margin: 0cm 0cm 12.0pt 0cm;\"><span style=\"font-size: 11.5pt; font-family: 'Arial',sans-serif; color: black;\">Idealizado por Hor\u00e1cio Rabelo Pereira, abaeteense e empres\u00e1rio de sucesso, o MAP \u2013 Movimento Abaeteense Pr\u00f3 \u2013 Cidadania iniciou suas atividades em 08 de fevereiro de 2019. Como forma de gratid\u00e3o, Hor\u00e1cio buscou alternativas que colaborassem para a profissionaliza\u00e7\u00e3o e oportunidades de inser\u00e7\u00e3o de jovens\u00a0abaeteenses no mercado de trabalho, na sua maioria provenientes de fam\u00edlias de baixa renda. Em parceria com a Escola Estadual Doutor Edgardo da Cunha Pereira, foi dado in\u00edcio ao curso de violino, que atendia cerca de 35 alunos, de 08 a 16 anos. Em agosto de 2019 foi implantado o curso de inform\u00e1tica ampliando o atendimento para mais 60 alunos, que posteriormente passar\u00e3o por um processo de profissionaliza\u00e7\u00e3o na \u00e1rea de designer e suporte t\u00e9cnico.<\/span><\/p><p style=\"text-align: justify; background: white; margin: 0cm 0cm 12.0pt 0cm;\"><span style=\"font-size: 11.5pt; font-family: 'Arial',sans-serif; color: black;\">Dia 22 de agosto, foi realizada a assembleia de funda\u00e7\u00e3o e elei\u00e7\u00e3o da primeira diretoria do MAP, formada\u00a0pela presidente Deyla Rodrigues, a vice D\u00e9bora Esselin, a diretora administrativa Jaqueline Braga, o vice S\u00e9rgio Teodoro, a diretora financeira Aparecida Pereira e o vice Marlon Oliveira.<\/span><\/p><p style=\"text-align: justify; background: white; margin: 0cm 0cm 12.0pt 0cm;\"><span style=\"font-size: 11.5pt; font-family: 'Arial',sans-serif; color: black;\">Os conselheiros fiscais eleitos foram Lauro Pereira, Eric Rodrigues e Felisbina Zica Contagem.<\/span><\/p><p style=\"text-align: justify; background: white; margin: 0cm 0cm 12.0pt 0cm;\"><span style=\"font-size: 11.5pt; font-family: 'Arial',sans-serif; color: black;\">Dia 23 de agosto, os alunos de violino encantaram o p\u00fablico de aproximadamente 300 pessoas presentes na 5\u00aa Mostra de M\u00fasica, organizada\u00a0 pelo professor Marcio Cavalcanti, no sal\u00e3o paroquial. Na ocasi\u00e3o, Hor\u00e1cio foi homenageado pelos alunos, pais e parceiros do MAP.<\/span><\/p><p style=\"text-align: justify; background: white; margin: 0cm 0cm 12.0pt 0cm;\"><span style=\"font-size: 11.5pt; font-family: 'Arial',sans-serif; color: black;\">Durante a pandemia do Covid -19, os alunos de violino passaram a receber aulas por v\u00eddeo conferencia, retomando as aulas presenciais em julho de 2021.<\/span><\/p><p style=\"text-align: justify; background: white; margin: 0cm 0cm 12.0pt 0cm;\"><span style=\"font-size: 11.5pt; font-family: 'Arial',sans-serif; color: black;\">\u00c0 partir de 2022, o projeto MAP Cultural foi aprovado na Lei de Incentivo \u00e0 Cultura, tendo como seu patrocinador a AGROPEU, que possibilitou estender as atividades de ensino musical para a cidade de Pompeu, e a amplia\u00e7\u00e3o dos cursos para violino, viol\u00e3o e canto coral nas duas cidades.<\/span><\/p><p style=\"text-align: justify; background: white; margin: 0cm 0cm 12.0pt 0cm;\"><span style=\"font-size: 11.5pt; font-family: 'Arial',sans-serif; color: black;\">Em 2023, o MAP Cultural foi contemplado no edital do Instituto Cultural Vale, atrav\u00e9s da Lei de Incentivo \u00e0 Cultural, podendo ampliar o n\u00famero de atendidos para 130 alunos, nas cidades de Abaet\u00e9 e Pompeu.<\/span><\/p><p style=\"text-align: justify; background: white; margin: 0cm 0cm 12.0pt 0cm;\"><span style=\"font-size: 11.5pt; font-family: 'Arial',sans-serif; color: black;\">No final de outubro foram realizadas duas Mostras de M\u00fasica, nas cidades de Abaet\u00e9 e Pompeu, recebendo um p\u00fablico de cerca de 900 pessoas.<\/span><\/p><p style=\"text-align: justify; background: white; margin: 0cm 0cm 12.0pt 0cm;\"><span style=\"font-size: 11.5pt; font-family: 'Arial',sans-serif; color: black;\">Outro fato de grande relev\u00e2ncia \u00e9 que em 2023 a Associa\u00e7\u00e3o Movimento Abaeteense Pr\u00f3 \u2013Cidadania \u2013MAP recebeu o t\u00edtulo de utilidade p\u00fablica estadual.<\/span><\/p>\t\t\t\t\t\t\t\t<\/div>\n\t\t\t\t<\/div>\n\t\t\t\t<\/div>\n\t\t<div class=\"elementor-element elementor-element-3244e70 e-con-full e-flex e-con e-child\" data-id=\"3244e70\" data-element_type=\"container\" data-e-type=\"container\">\n\t\t\t\t<div class=\"elementor-element elementor-element-eb7431b elementor-widget elementor-widget-image\" data-id=\"eb7431b\" data-element_type=\"widget\" data-e-type=\"widget\" data-widget_type=\"image.default\">\n\t\t\t\t<div class=\"elementor-widget-container\">\n\t\t\t\t\t\t\t\t\t\t\t\t\t\t\t<img fetchpriority=\"high\" decoding=\"async\" width=\"1024\" height=\"683\" src=\"https:\/\/mapc.ong.br\/wp-content\/uploads\/2023\/11\/MAP-POMPEU-91-1024x683.jpg\" class=\"attachment-large size-large wp-image-163\" alt=\"\" srcset=\"https:\/\/mapc.ong.br\/wp-content\/uploads\/2023\/11\/MAP-POMPEU-91-1024x683.jpg 1024w, https:\/\/mapc.ong.br\/wp-content\/uploads\/2023\/11\/MAP-POMPEU-91-300x200.jpg 300w, https:\/\/mapc.ong.br\/wp-content\/uploads\/2023\/11\/MAP-POMPEU-91-768x512.jpg 768w, https:\/\/mapc.ong.br\/wp-content\/uploads\/2023\/11\/MAP-POMPEU-91-1536x1024.jpg 1536w, https:\/\/mapc.ong.br\/wp-content\/uploads\/2023\/11\/MAP-POMPEU-91-2048x1365.jpg 2048w, https:\/\/mapc.ong.br\/wp-content\/uploads\/2023\/11\/MAP-POMPEU-91-600x400.jpg 600w\" sizes=\"(max-width: 1024px) 100vw, 1024px\" \/>\t\t\t\t\t\t\t\t\t\t\t\t\t\t\t<\/div>\n\t\t\t\t<\/div>\n\t\t\t\t<div class=\"elementor-element elementor-element-99dafae elementor-widget elementor-widget-image\" data-id=\"99dafae\" data-element_type=\"widget\" data-e-type=\"widget\" data-widget_type=\"image.default\">\n\t\t\t\t<div class=\"elementor-widget-container\">\n\t\t\t\t\t\t\t\t\t\t\t\t\t\t\t<img decoding=\"async\" width=\"1024\" height=\"683\" src=\"https:\/\/mapc.ong.br\/wp-content\/uploads\/2023\/11\/MAP-ABAETE-58-1024x683.jpg\" class=\"attachment-large size-large wp-image-504\" alt=\"\" srcset=\"https:\/\/mapc.ong.br\/wp-content\/uploads\/2023\/11\/MAP-ABAETE-58-1024x683.jpg 1024w, https:\/\/mapc.ong.br\/wp-content\/uploads\/2023\/11\/MAP-ABAETE-58-300x200.jpg 300w, https:\/\/mapc.ong.br\/wp-content\/uploads\/2023\/11\/MAP-ABAETE-58-768x512.jpg 768w, https:\/\/mapc.ong.br\/wp-content\/uploads\/2023\/11\/MAP-ABAETE-58-1536x1024.jpg 1536w, https:\/\/mapc.ong.br\/wp-content\/uploads\/2023\/11\/MAP-ABAETE-58-2048x1365.jpg 2048w, https:\/\/mapc.ong.br\/wp-content\/uploads\/2023\/11\/MAP-ABAETE-58-600x400.jpg 600w\" sizes=\"(max-width: 1024px) 100vw, 1024px\" \/>\t\t\t\t\t\t\t\t\t\t\t\t\t\t\t<\/div>\n\t\t\t\t<\/div>\n\t\t\t\t<div class=\"elementor-element elementor-element-3c2961a elementor-widget elementor-widget-text-editor\" data-id=\"3c2961a\" data-element_type=\"widget\" data-e-type=\"widget\" data-widget_type=\"text-editor.default\">\n\t\t\t\t<div class=\"elementor-widget-container\">\n\t\t\t\t\t\t\t\t\t<p>Hor\u00e1cio Rabelo Pereira &#8211; Idealizador do Projeto<\/p>\t\t\t\t\t\t\t\t<\/div>\n\t\t\t\t<\/div>\n\t\t\t\t<\/div>\n\t\t\t\t\t<\/div>\n\t\t\t\t<\/div>\n\t\t\t\t<\/div>\n\t\t","protected":false},"excerpt":{"rendered":"<p>Quem somos Idealizado por Hor\u00e1cio Rabelo Pereira, abaeteense e empres\u00e1rio de sucesso, o MAP \u2013 Movimento Abaeteense Pr\u00f3 \u2013 Cidadania iniciou suas atividades em 08 de fevereiro de 2019. Como forma de gratid\u00e3o, Hor\u00e1cio buscou alternativas que colaborassem para a profissionaliza\u00e7\u00e3o e oportunidades de inser\u00e7\u00e3o de jovens\u00a0abaeteenses no mercado de trabalho, na sua maioria provenientes [&hellip;]<\/p>\n","protected":false},"author":2,"featured_media":0,"parent":0,"menu_order":0,"comment_status":"closed","ping_status":"closed","template":"elementor_header_footer","meta":{"_joinchat":[],"footnotes":""},"class_list":["post-124","page","type-page","status-publish","hentry"],"_links":{"self":[{"href":"https:\/\/mapc.ong.br\/index.php?rest_route=\/wp\/v2\/pages\/124","targetHints":{"allow":["GET"]}}],"collection":[{"href":"https:\/\/mapc.ong.br\/index.php?rest_route=\/wp\/v2\/pages"}],"about":[{"href":"https:\/\/mapc.ong.br\/index.php?rest_route=\/wp\/v2\/types\/page"}],"author":[{"embeddable":true,"href":"https:\/\/mapc.ong.br\/index.php?rest_route=\/wp\/v2\/users\/2"}],"replies":[{"embeddable":true,"href":"https:\/\/mapc.ong.br\/index.php?rest_route=%2Fwp%2Fv2%2Fcomments&post=124"}],"version-history":[{"count":25,"href":"https:\/\/mapc.ong.br\/index.php?rest_route=\/wp\/v2\/pages\/124\/revisions"}],"predecessor-version":[{"id":803,"href":"https:\/\/mapc.ong.br\/index.php?rest_route=\/wp\/v2\/pages\/124\/revisions\/803"}],"wp:attachment":[{"href":"https:\/\/mapc.ong.br\/index.php?rest_route=%2Fwp%2Fv2%2Fmedia&parent=124"}],"curies":[{"name":"wp","href":"https:\/\/api.w.org\/{rel}","templated":true}]}}