{"id":132,"date":"2023-11-15T20:36:39","date_gmt":"2023-11-15T23:36:39","guid":{"rendered":"https:\/\/mapc.ong.br\/?page_id=132"},"modified":"2026-02-27T16:51:00","modified_gmt":"2026-02-27T19:51:00","slug":"equipe","status":"publish","type":"page","link":"https:\/\/mapc.ong.br\/?page_id=132","title":{"rendered":"Equipe"},"content":{"rendered":"\t\t<div data-elementor-type=\"wp-page\" data-elementor-id=\"132\" class=\"elementor elementor-132\">\n\t\t\t\t<div class=\"elementor-element elementor-element-f3682e8 e-flex e-con-boxed e-con e-parent\" data-id=\"f3682e8\" data-element_type=\"container\" data-e-type=\"container\">\n\t\t\t\t\t<div class=\"e-con-inner\">\n\t\t\t\t<div class=\"elementor-element elementor-element-7721c32 elementor-widget elementor-widget-heading\" data-id=\"7721c32\" data-element_type=\"widget\" data-e-type=\"widget\" data-widget_type=\"heading.default\">\n\t\t\t\t<div class=\"elementor-widget-container\">\n\t\t\t\t\t<h2 class=\"elementor-heading-title elementor-size-default\">Diretoria<\/h2>\t\t\t\t<\/div>\n\t\t\t\t<\/div>\n\t\t\t\t\t<\/div>\n\t\t\t\t<\/div>\n\t\t<div class=\"elementor-element elementor-element-ffd4fc8 e-flex e-con-boxed e-con e-parent\" data-id=\"ffd4fc8\" data-element_type=\"container\" data-e-type=\"container\">\n\t\t\t\t\t<div class=\"e-con-inner\">\n\t\t<div class=\"elementor-element elementor-element-da42167 e-con-full e-flex e-con e-child\" data-id=\"da42167\" data-element_type=\"container\" data-e-type=\"container\">\n\t\t\t\t<div class=\"elementor-element elementor-element-102fefc elementor-widget elementor-widget-image\" data-id=\"102fefc\" data-element_type=\"widget\" data-e-type=\"widget\" data-widget_type=\"image.default\">\n\t\t\t\t<div class=\"elementor-widget-container\">\n\t\t\t\t\t\t\t\t\t\t\t\t\t\t\t<img decoding=\"async\" width=\"150\" height=\"150\" src=\"https:\/\/mapc.ong.br\/wp-content\/uploads\/2023\/11\/MAP-POMPEU-25-150x150.jpg\" class=\"attachment-thumbnail size-thumbnail wp-image-270\" alt=\"\" srcset=\"https:\/\/mapc.ong.br\/wp-content\/uploads\/2023\/11\/MAP-POMPEU-25-150x150.jpg 150w, https:\/\/mapc.ong.br\/wp-content\/uploads\/2023\/11\/MAP-POMPEU-25-230x230.jpg 230w, https:\/\/mapc.ong.br\/wp-content\/uploads\/2023\/11\/MAP-POMPEU-25-400x400.jpg 400w, https:\/\/mapc.ong.br\/wp-content\/uploads\/2023\/11\/MAP-POMPEU-25-640x640.jpg 640w\" sizes=\"(max-width: 150px) 100vw, 150px\" \/>\t\t\t\t\t\t\t\t\t\t\t\t\t\t\t<\/div>\n\t\t\t\t<\/div>\n\t\t\t\t<\/div>\n\t\t<div class=\"elementor-element elementor-element-3b6baa3 e-con-full e-flex e-con e-child\" data-id=\"3b6baa3\" data-element_type=\"container\" data-e-type=\"container\">\n\t\t\t\t<div class=\"elementor-element elementor-element-a07894b elementor-widget elementor-widget-text-editor\" data-id=\"a07894b\" data-element_type=\"widget\" data-e-type=\"widget\" data-widget_type=\"text-editor.default\">\n\t\t\t\t<div class=\"elementor-widget-container\">\n\t\t\t\t\t\t\t\t\t<p><span style=\"text-decoration: underline;\"><strong>Maria Eni P. B. Fonseca &#8211; Presidente:<\/strong><\/span> Sua responsabilidade inclui liderar a equipe, definir metas, representar a ONG publicamente, angariar fundos, e garantir que a miss\u00e3o e os objetivos da organiza\u00e7\u00e3o sejam alcan\u00e7ados de acordo com os princ\u00edpios e valores estabelecidos.<\/p>\t\t\t\t\t\t\t\t<\/div>\n\t\t\t\t<\/div>\n\t\t\t\t<\/div>\n\t\t\t\t\t<\/div>\n\t\t\t\t<\/div>\n\t\t<div class=\"elementor-element elementor-element-14d3571 e-flex e-con-boxed e-con e-parent\" data-id=\"14d3571\" data-element_type=\"container\" data-e-type=\"container\">\n\t\t\t\t\t<div class=\"e-con-inner\">\n\t\t<div class=\"elementor-element elementor-element-6bf21db e-con-full e-flex e-con e-child\" data-id=\"6bf21db\" data-element_type=\"container\" data-e-type=\"container\">\n\t\t\t\t<div class=\"elementor-element elementor-element-9f45808 elementor-widget elementor-widget-image\" data-id=\"9f45808\" data-element_type=\"widget\" data-e-type=\"widget\" data-widget_type=\"image.default\">\n\t\t\t\t<div class=\"elementor-widget-container\">\n\t\t\t\t\t\t\t\t\t\t\t\t\t\t\t<img decoding=\"async\" width=\"150\" height=\"150\" src=\"https:\/\/mapc.ong.br\/wp-content\/uploads\/2023\/11\/MAP-POMPEU-45-150x150.jpg\" class=\"attachment-thumbnail size-thumbnail wp-image-272\" alt=\"\" srcset=\"https:\/\/mapc.ong.br\/wp-content\/uploads\/2023\/11\/MAP-POMPEU-45-150x150.jpg 150w, https:\/\/mapc.ong.br\/wp-content\/uploads\/2023\/11\/MAP-POMPEU-45-230x230.jpg 230w, https:\/\/mapc.ong.br\/wp-content\/uploads\/2023\/11\/MAP-POMPEU-45-400x400.jpg 400w, https:\/\/mapc.ong.br\/wp-content\/uploads\/2023\/11\/MAP-POMPEU-45-640x640.jpg 640w\" sizes=\"(max-width: 150px) 100vw, 150px\" \/>\t\t\t\t\t\t\t\t\t\t\t\t\t\t\t<\/div>\n\t\t\t\t<\/div>\n\t\t\t\t<\/div>\n\t\t<div class=\"elementor-element elementor-element-11d48ed e-con-full e-flex e-con e-child\" data-id=\"11d48ed\" data-element_type=\"container\" data-e-type=\"container\">\n\t\t\t\t<div class=\"elementor-element elementor-element-e9c9c24 elementor-widget elementor-widget-text-editor\" data-id=\"e9c9c24\" data-element_type=\"widget\" data-e-type=\"widget\" data-widget_type=\"text-editor.default\">\n\t\t\t\t<div class=\"elementor-widget-container\">\n\t\t\t\t\t\t\t\t\t<p><strong><span style=\"text-decoration: underline;\">Maestro M\u00e1rcio Cavalcanti &#8211; Diretor Art\u00edstico:<\/span><\/strong>\u00a0 Ele desempenha um papel crucial na defini\u00e7\u00e3o da est\u00e9tica, no desenvolvimento de conceitos criativos e na supervis\u00e3o da execu\u00e7\u00e3o para garantir a coes\u00e3o e excel\u00eancia art\u00edstica. Multi-instrumentista domina as t\u00e9cnicas de tocar violino, viola caipira, piano e viol\u00e3o.<\/p>\t\t\t\t\t\t\t\t<\/div>\n\t\t\t\t<\/div>\n\t\t\t\t<\/div>\n\t\t\t\t\t<\/div>\n\t\t\t\t<\/div>\n\t\t<div class=\"elementor-element elementor-element-3c6f7e5 e-flex e-con-boxed e-con e-parent\" data-id=\"3c6f7e5\" data-element_type=\"container\" data-e-type=\"container\">\n\t\t\t\t\t<div class=\"e-con-inner\">\n\t\t<div class=\"elementor-element elementor-element-b70482b e-con-full e-flex e-con e-child\" data-id=\"b70482b\" data-element_type=\"container\" data-e-type=\"container\">\n\t\t\t\t<div class=\"elementor-element elementor-element-2b5879d elementor-widget elementor-widget-image\" data-id=\"2b5879d\" data-element_type=\"widget\" data-e-type=\"widget\" data-widget_type=\"image.default\">\n\t\t\t\t<div class=\"elementor-widget-container\">\n\t\t\t\t\t\t\t\t\t\t\t\t\t\t\t<img decoding=\"async\" width=\"150\" height=\"150\" src=\"https:\/\/mapc.ong.br\/wp-content\/uploads\/2023\/11\/meire-150x150.png\" class=\"attachment-thumbnail size-thumbnail wp-image-508\" alt=\"\" srcset=\"https:\/\/mapc.ong.br\/wp-content\/uploads\/2023\/11\/meire-150x150.png 150w, https:\/\/mapc.ong.br\/wp-content\/uploads\/2023\/11\/meire-230x230.png 230w, https:\/\/mapc.ong.br\/wp-content\/uploads\/2023\/11\/meire-400x400.png 400w, https:\/\/mapc.ong.br\/wp-content\/uploads\/2023\/11\/meire.png 545w\" sizes=\"(max-width: 150px) 100vw, 150px\" \/>\t\t\t\t\t\t\t\t\t\t\t\t\t\t\t<\/div>\n\t\t\t\t<\/div>\n\t\t\t\t<\/div>\n\t\t<div class=\"elementor-element elementor-element-1ea0312 e-con-full e-flex e-con e-child\" data-id=\"1ea0312\" data-element_type=\"container\" data-e-type=\"container\">\n\t\t\t\t<div class=\"elementor-element elementor-element-f5c5426 elementor-widget elementor-widget-text-editor\" data-id=\"f5c5426\" data-element_type=\"widget\" data-e-type=\"widget\" data-widget_type=\"text-editor.default\">\n\t\t\t\t<div class=\"elementor-widget-container\">\n\t\t\t\t\t\t\t\t\t<p><span style=\"text-decoration: underline;\"><strong>Meire Martins &#8211; Coordenadora<\/strong><\/span>: Suas fun\u00e7\u00f5es incluem orientar professores, promover a integra\u00e7\u00e3o de curr\u00edculos, gerenciar eventos escolares, lidar com quest\u00f5es disciplinares e servir como elo entre alunos, pais e dire\u00e7\u00e3o, buscando garantir o bom funcionamento e desenvolvimento educacional da institui\u00e7\u00e3o.<\/p>\t\t\t\t\t\t\t\t<\/div>\n\t\t\t\t<\/div>\n\t\t\t\t<\/div>\n\t\t\t\t\t<\/div>\n\t\t\t\t<\/div>\n\t\t<div class=\"elementor-element elementor-element-0e2c808 e-flex e-con-boxed e-con e-parent\" data-id=\"0e2c808\" data-element_type=\"container\" data-e-type=\"container\">\n\t\t\t\t\t<div class=\"e-con-inner\">\n\t\t\t\t<div class=\"elementor-element elementor-element-6a0309d elementor-widget elementor-widget-heading\" data-id=\"6a0309d\" data-element_type=\"widget\" data-e-type=\"widget\" data-widget_type=\"heading.default\">\n\t\t\t\t<div class=\"elementor-widget-container\">\n\t\t\t\t\t<h2 class=\"elementor-heading-title elementor-size-default\">Professores Titulares<\/h2>\t\t\t\t<\/div>\n\t\t\t\t<\/div>\n\t\t\t\t\t<\/div>\n\t\t\t\t<\/div>\n\t\t<div class=\"elementor-element elementor-element-a5eb902 e-flex e-con-boxed e-con e-parent\" data-id=\"a5eb902\" data-element_type=\"container\" data-e-type=\"container\">\n\t\t\t\t\t<div class=\"e-con-inner\">\n\t\t<div class=\"elementor-element elementor-element-381d46d e-con-full e-flex e-con e-child\" data-id=\"381d46d\" data-element_type=\"container\" data-e-type=\"container\">\n\t\t\t\t<div class=\"elementor-element elementor-element-773dfd6 elementor-widget elementor-widget-image\" data-id=\"773dfd6\" data-element_type=\"widget\" data-e-type=\"widget\" data-widget_type=\"image.default\">\n\t\t\t\t<div class=\"elementor-widget-container\">\n\t\t\t\t\t\t\t\t\t\t\t\t\t\t\t<img loading=\"lazy\" decoding=\"async\" width=\"150\" height=\"150\" src=\"https:\/\/mapc.ong.br\/wp-content\/uploads\/2023\/11\/Imagem-do-WhatsApp-de-2023-11-18-as-11.44.59_8b635b54-150x150.jpg\" class=\"attachment-thumbnail size-thumbnail wp-image-761\" alt=\"\" srcset=\"https:\/\/mapc.ong.br\/wp-content\/uploads\/2023\/11\/Imagem-do-WhatsApp-de-2023-11-18-as-11.44.59_8b635b54-150x150.jpg 150w, https:\/\/mapc.ong.br\/wp-content\/uploads\/2023\/11\/Imagem-do-WhatsApp-de-2023-11-18-as-11.44.59_8b635b54-230x230.jpg 230w, https:\/\/mapc.ong.br\/wp-content\/uploads\/2023\/11\/Imagem-do-WhatsApp-de-2023-11-18-as-11.44.59_8b635b54-400x400.jpg 400w, https:\/\/mapc.ong.br\/wp-content\/uploads\/2023\/11\/Imagem-do-WhatsApp-de-2023-11-18-as-11.44.59_8b635b54-640x640.jpg 640w\" sizes=\"(max-width: 150px) 100vw, 150px\" \/>\t\t\t\t\t\t\t\t\t\t\t\t\t\t\t<\/div>\n\t\t\t\t<\/div>\n\t\t\t\t<\/div>\n\t\t<div class=\"elementor-element elementor-element-25e7397 e-con-full e-flex e-con e-child\" data-id=\"25e7397\" data-element_type=\"container\" data-e-type=\"container\">\n\t\t\t\t<div class=\"elementor-element elementor-element-65f2d6a elementor-widget elementor-widget-text-editor\" data-id=\"65f2d6a\" data-element_type=\"widget\" data-e-type=\"widget\" data-widget_type=\"text-editor.default\">\n\t\t\t\t<div class=\"elementor-widget-container\">\n\t\t\t\t\t\t\t\t\t<p><span style=\"text-decoration: underline;\"><strong>Marcelo Cavalcanti &#8211; Professor de Violino:<\/strong><\/span> Cultivador da paix\u00e3o pela m\u00fasica ele inspira o crescimento art\u00edstico, orienta os alunos com paci\u00eancia e dedica\u00e7\u00e3o, transformando a jornada musical em uma experi\u00eancia enriquecedora. Domina as t\u00e9cnicas para tocar violoncelo e violino.<\/p><p>(Licenciatura Unicesumar)<\/p>\t\t\t\t\t\t\t\t<\/div>\n\t\t\t\t<\/div>\n\t\t\t\t<\/div>\n\t\t\t\t\t<\/div>\n\t\t\t\t<\/div>\n\t\t\t\t<\/div>\n\t\t","protected":false},"excerpt":{"rendered":"<p>Diretoria Maria Eni P. B. Fonseca &#8211; Presidente: Sua responsabilidade inclui liderar a equipe, definir metas, representar a ONG publicamente, angariar fundos, e garantir que a miss\u00e3o e os objetivos da organiza\u00e7\u00e3o sejam alcan\u00e7ados de acordo com os princ\u00edpios e valores estabelecidos. Maestro M\u00e1rcio Cavalcanti &#8211; Diretor Art\u00edstico:\u00a0 Ele desempenha um papel crucial na defini\u00e7\u00e3o [&hellip;]<\/p>\n","protected":false},"author":2,"featured_media":0,"parent":0,"menu_order":0,"comment_status":"closed","ping_status":"closed","template":"elementor_header_footer","meta":{"_joinchat":[],"footnotes":""},"class_list":["post-132","page","type-page","status-publish","hentry"],"_links":{"self":[{"href":"https:\/\/mapc.ong.br\/index.php?rest_route=\/wp\/v2\/pages\/132","targetHints":{"allow":["GET"]}}],"collection":[{"href":"https:\/\/mapc.ong.br\/index.php?rest_route=\/wp\/v2\/pages"}],"about":[{"href":"https:\/\/mapc.ong.br\/index.php?rest_route=\/wp\/v2\/types\/page"}],"author":[{"embeddable":true,"href":"https:\/\/mapc.ong.br\/index.php?rest_route=\/wp\/v2\/users\/2"}],"replies":[{"embeddable":true,"href":"https:\/\/mapc.ong.br\/index.php?rest_route=%2Fwp%2Fv2%2Fcomments&post=132"}],"version-history":[{"count":55,"href":"https:\/\/mapc.ong.br\/index.php?rest_route=\/wp\/v2\/pages\/132\/revisions"}],"predecessor-version":[{"id":919,"href":"https:\/\/mapc.ong.br\/index.php?rest_route=\/wp\/v2\/pages\/132\/revisions\/919"}],"wp:attachment":[{"href":"https:\/\/mapc.ong.br\/index.php?rest_route=%2Fwp%2Fv2%2Fmedia&parent=132"}],"curies":[{"name":"wp","href":"https:\/\/api.w.org\/{rel}","templated":true}]}}