{"id":138,"date":"2023-11-15T20:41:57","date_gmt":"2023-11-15T23:41:57","guid":{"rendered":"https:\/\/mapc.ong.br\/?page_id=138"},"modified":"2023-11-18T09:58:17","modified_gmt":"2023-11-18T12:58:17","slug":"violino","status":"publish","type":"page","link":"https:\/\/mapc.ong.br\/?page_id=138","title":{"rendered":"Violino"},"content":{"rendered":"\t\t<div data-elementor-type=\"wp-page\" data-elementor-id=\"138\" class=\"elementor elementor-138\">\n\t\t\t\t<div class=\"elementor-element elementor-element-ff05877 e-flex e-con-boxed e-con e-parent\" data-id=\"ff05877\" data-element_type=\"container\" data-e-type=\"container\">\n\t\t\t\t\t<div class=\"e-con-inner\">\n\t\t\t\t<div class=\"elementor-element elementor-element-9fe174d elementor-widget elementor-widget-text-editor\" data-id=\"9fe174d\" data-element_type=\"widget\" data-e-type=\"widget\" data-widget_type=\"text-editor.default\">\n\t\t\t\t<div class=\"elementor-widget-container\">\n\t\t\t\t\t\t\t\t\t<p>Em um reino de notas e sonhos tecidos, O aprendizado do violino \u00e9 como ser conduzido. Nas m\u00e3os do aprendiz, o arco \u00e9 uma pena, A dan\u00e7a das cordas, a sinfonia que acena.<\/p>\t\t\t\t\t\t\t\t<\/div>\n\t\t\t\t<\/div>\n\t\t\t\t\t<\/div>\n\t\t\t\t<\/div>\n\t\t<div class=\"elementor-element elementor-element-b5ab174 e-flex e-con-boxed e-con e-parent\" data-id=\"b5ab174\" data-element_type=\"container\" data-e-type=\"container\">\n\t\t\t\t\t<div class=\"e-con-inner\">\n\t\t<div class=\"elementor-element elementor-element-f000b80 e-con-full e-flex e-con e-child\" data-id=\"f000b80\" data-element_type=\"container\" data-e-type=\"container\">\n\t\t\t\t<div class=\"elementor-element elementor-element-fc6d7b5 elementor-widget elementor-widget-image-gallery\" data-id=\"fc6d7b5\" data-element_type=\"widget\" data-e-type=\"widget\" data-widget_type=\"image-gallery.default\">\n\t\t\t\t<div class=\"elementor-widget-container\">\n\t\t\t\t\t\t\t<div class=\"elementor-image-gallery\">\n\t\t\t<div id='gallery-1' class='gallery galleryid-138 gallery-columns-4 gallery-size-thumbnail'><figure class='gallery-item'>\n\t\t\t<div class='gallery-icon landscape'>\n\t\t\t\t<a data-elementor-open-lightbox=\"yes\" data-elementor-lightbox-slideshow=\"fc6d7b5\" data-elementor-lightbox-title=\"MAP - ABAET\u00c9-179\" data-e-action-hash=\"#elementor-action%3Aaction%3Dlightbox%26settings%3DeyJpZCI6MzUyLCJ1cmwiOiJodHRwczpcL1wvbWFwYy5vbmcuYnJcL3dwLWNvbnRlbnRcL3VwbG9hZHNcLzIwMjNcLzExXC9NQVAtQUJBRVRFLTE3OS1zY2FsZWQuanBnIiwic2xpZGVzaG93IjoiZmM2ZDdiNSJ9\" href='https:\/\/mapc.ong.br\/wp-content\/uploads\/2023\/11\/MAP-ABAETE-179-scaled.jpg'><img decoding=\"async\" width=\"150\" height=\"150\" src=\"https:\/\/mapc.ong.br\/wp-content\/uploads\/2023\/11\/MAP-ABAETE-179-150x150.jpg\" class=\"attachment-thumbnail size-thumbnail\" alt=\"\" srcset=\"https:\/\/mapc.ong.br\/wp-content\/uploads\/2023\/11\/MAP-ABAETE-179-150x150.jpg 150w, https:\/\/mapc.ong.br\/wp-content\/uploads\/2023\/11\/MAP-ABAETE-179-230x230.jpg 230w, https:\/\/mapc.ong.br\/wp-content\/uploads\/2023\/11\/MAP-ABAETE-179-400x400.jpg 400w, https:\/\/mapc.ong.br\/wp-content\/uploads\/2023\/11\/MAP-ABAETE-179-640x640.jpg 640w\" sizes=\"(max-width: 150px) 100vw, 150px\" \/><\/a>\n\t\t\t<\/div><\/figure><figure class='gallery-item'>\n\t\t\t<div class='gallery-icon landscape'>\n\t\t\t\t<a data-elementor-open-lightbox=\"yes\" data-elementor-lightbox-slideshow=\"fc6d7b5\" data-elementor-lightbox-title=\"MAP - ABAET\u00c9-163\" data-e-action-hash=\"#elementor-action%3Aaction%3Dlightbox%26settings%3DeyJpZCI6MzQ1LCJ1cmwiOiJodHRwczpcL1wvbWFwYy5vbmcuYnJcL3dwLWNvbnRlbnRcL3VwbG9hZHNcLzIwMjNcLzExXC9NQVAtQUJBRVRFLTE2My1zY2FsZWQuanBnIiwic2xpZGVzaG93IjoiZmM2ZDdiNSJ9\" href='https:\/\/mapc.ong.br\/wp-content\/uploads\/2023\/11\/MAP-ABAETE-163-scaled.jpg'><img decoding=\"async\" width=\"150\" height=\"150\" src=\"https:\/\/mapc.ong.br\/wp-content\/uploads\/2023\/11\/MAP-ABAETE-163-150x150.jpg\" class=\"attachment-thumbnail size-thumbnail\" alt=\"\" srcset=\"https:\/\/mapc.ong.br\/wp-content\/uploads\/2023\/11\/MAP-ABAETE-163-150x150.jpg 150w, https:\/\/mapc.ong.br\/wp-content\/uploads\/2023\/11\/MAP-ABAETE-163-230x230.jpg 230w, https:\/\/mapc.ong.br\/wp-content\/uploads\/2023\/11\/MAP-ABAETE-163-400x400.jpg 400w, https:\/\/mapc.ong.br\/wp-content\/uploads\/2023\/11\/MAP-ABAETE-163-640x640.jpg 640w\" sizes=\"(max-width: 150px) 100vw, 150px\" \/><\/a>\n\t\t\t<\/div><\/figure><figure class='gallery-item'>\n\t\t\t<div class='gallery-icon landscape'>\n\t\t\t\t<a data-elementor-open-lightbox=\"yes\" data-elementor-lightbox-slideshow=\"fc6d7b5\" data-elementor-lightbox-title=\"MAP - ABAET\u00c9-164\" data-e-action-hash=\"#elementor-action%3Aaction%3Dlightbox%26settings%3DeyJpZCI6MzQ2LCJ1cmwiOiJodHRwczpcL1wvbWFwYy5vbmcuYnJcL3dwLWNvbnRlbnRcL3VwbG9hZHNcLzIwMjNcLzExXC9NQVAtQUJBRVRFLTE2NC1zY2FsZWQuanBnIiwic2xpZGVzaG93IjoiZmM2ZDdiNSJ9\" href='https:\/\/mapc.ong.br\/wp-content\/uploads\/2023\/11\/MAP-ABAETE-164-scaled.jpg'><img decoding=\"async\" width=\"150\" height=\"150\" src=\"https:\/\/mapc.ong.br\/wp-content\/uploads\/2023\/11\/MAP-ABAETE-164-150x150.jpg\" class=\"attachment-thumbnail size-thumbnail\" alt=\"\" srcset=\"https:\/\/mapc.ong.br\/wp-content\/uploads\/2023\/11\/MAP-ABAETE-164-150x150.jpg 150w, https:\/\/mapc.ong.br\/wp-content\/uploads\/2023\/11\/MAP-ABAETE-164-230x230.jpg 230w, https:\/\/mapc.ong.br\/wp-content\/uploads\/2023\/11\/MAP-ABAETE-164-400x400.jpg 400w, https:\/\/mapc.ong.br\/wp-content\/uploads\/2023\/11\/MAP-ABAETE-164-640x640.jpg 640w\" sizes=\"(max-width: 150px) 100vw, 150px\" \/><\/a>\n\t\t\t<\/div><\/figure><figure class='gallery-item'>\n\t\t\t<div class='gallery-icon landscape'>\n\t\t\t\t<a data-elementor-open-lightbox=\"yes\" data-elementor-lightbox-slideshow=\"fc6d7b5\" data-elementor-lightbox-title=\"MAP - ABAET\u00c9-180\" data-e-action-hash=\"#elementor-action%3Aaction%3Dlightbox%26settings%3DeyJpZCI6MzUzLCJ1cmwiOiJodHRwczpcL1wvbWFwYy5vbmcuYnJcL3dwLWNvbnRlbnRcL3VwbG9hZHNcLzIwMjNcLzExXC9NQVAtQUJBRVRFLTE4MC1zY2FsZWQuanBnIiwic2xpZGVzaG93IjoiZmM2ZDdiNSJ9\" href='https:\/\/mapc.ong.br\/wp-content\/uploads\/2023\/11\/MAP-ABAETE-180-scaled.jpg'><img loading=\"lazy\" decoding=\"async\" width=\"150\" height=\"150\" src=\"https:\/\/mapc.ong.br\/wp-content\/uploads\/2023\/11\/MAP-ABAETE-180-150x150.jpg\" class=\"attachment-thumbnail size-thumbnail\" alt=\"\" srcset=\"https:\/\/mapc.ong.br\/wp-content\/uploads\/2023\/11\/MAP-ABAETE-180-150x150.jpg 150w, https:\/\/mapc.ong.br\/wp-content\/uploads\/2023\/11\/MAP-ABAETE-180-230x230.jpg 230w, https:\/\/mapc.ong.br\/wp-content\/uploads\/2023\/11\/MAP-ABAETE-180-400x400.jpg 400w, https:\/\/mapc.ong.br\/wp-content\/uploads\/2023\/11\/MAP-ABAETE-180-640x640.jpg 640w\" sizes=\"(max-width: 150px) 100vw, 150px\" \/><\/a>\n\t\t\t<\/div><\/figure><figure class='gallery-item'>\n\t\t\t<div class='gallery-icon landscape'>\n\t\t\t\t<a data-elementor-open-lightbox=\"yes\" data-elementor-lightbox-slideshow=\"fc6d7b5\" data-elementor-lightbox-title=\"MAP - ABAET\u00c9-182\" data-e-action-hash=\"#elementor-action%3Aaction%3Dlightbox%26settings%3DeyJpZCI6MzU1LCJ1cmwiOiJodHRwczpcL1wvbWFwYy5vbmcuYnJcL3dwLWNvbnRlbnRcL3VwbG9hZHNcLzIwMjNcLzExXC9NQVAtQUJBRVRFLTE4Mi1zY2FsZWQuanBnIiwic2xpZGVzaG93IjoiZmM2ZDdiNSJ9\" href='https:\/\/mapc.ong.br\/wp-content\/uploads\/2023\/11\/MAP-ABAETE-182-scaled.jpg'><img loading=\"lazy\" decoding=\"async\" width=\"150\" height=\"150\" src=\"https:\/\/mapc.ong.br\/wp-content\/uploads\/2023\/11\/MAP-ABAETE-182-150x150.jpg\" class=\"attachment-thumbnail size-thumbnail\" alt=\"\" srcset=\"https:\/\/mapc.ong.br\/wp-content\/uploads\/2023\/11\/MAP-ABAETE-182-150x150.jpg 150w, https:\/\/mapc.ong.br\/wp-content\/uploads\/2023\/11\/MAP-ABAETE-182-230x230.jpg 230w, https:\/\/mapc.ong.br\/wp-content\/uploads\/2023\/11\/MAP-ABAETE-182-400x400.jpg 400w, https:\/\/mapc.ong.br\/wp-content\/uploads\/2023\/11\/MAP-ABAETE-182-640x640.jpg 640w\" sizes=\"(max-width: 150px) 100vw, 150px\" \/><\/a>\n\t\t\t<\/div><\/figure><figure class='gallery-item'>\n\t\t\t<div class='gallery-icon landscape'>\n\t\t\t\t<a data-elementor-open-lightbox=\"yes\" data-elementor-lightbox-slideshow=\"fc6d7b5\" data-elementor-lightbox-title=\"MAP - ABAET\u00c9-184\" data-e-action-hash=\"#elementor-action%3Aaction%3Dlightbox%26settings%3DeyJpZCI6MzU3LCJ1cmwiOiJodHRwczpcL1wvbWFwYy5vbmcuYnJcL3dwLWNvbnRlbnRcL3VwbG9hZHNcLzIwMjNcLzExXC9NQVAtQUJBRVRFLTE4NC1zY2FsZWQuanBnIiwic2xpZGVzaG93IjoiZmM2ZDdiNSJ9\" href='https:\/\/mapc.ong.br\/wp-content\/uploads\/2023\/11\/MAP-ABAETE-184-scaled.jpg'><img loading=\"lazy\" decoding=\"async\" width=\"150\" height=\"150\" src=\"https:\/\/mapc.ong.br\/wp-content\/uploads\/2023\/11\/MAP-ABAETE-184-150x150.jpg\" class=\"attachment-thumbnail size-thumbnail\" alt=\"\" srcset=\"https:\/\/mapc.ong.br\/wp-content\/uploads\/2023\/11\/MAP-ABAETE-184-150x150.jpg 150w, https:\/\/mapc.ong.br\/wp-content\/uploads\/2023\/11\/MAP-ABAETE-184-230x230.jpg 230w, https:\/\/mapc.ong.br\/wp-content\/uploads\/2023\/11\/MAP-ABAETE-184-400x400.jpg 400w, https:\/\/mapc.ong.br\/wp-content\/uploads\/2023\/11\/MAP-ABAETE-184-640x640.jpg 640w\" sizes=\"(max-width: 150px) 100vw, 150px\" \/><\/a>\n\t\t\t<\/div><\/figure><figure class='gallery-item'>\n\t\t\t<div class='gallery-icon landscape'>\n\t\t\t\t<a data-elementor-open-lightbox=\"yes\" data-elementor-lightbox-slideshow=\"fc6d7b5\" data-elementor-lightbox-title=\"MAP - ABAET\u00c9-185\" data-e-action-hash=\"#elementor-action%3Aaction%3Dlightbox%26settings%3DeyJpZCI6MzU4LCJ1cmwiOiJodHRwczpcL1wvbWFwYy5vbmcuYnJcL3dwLWNvbnRlbnRcL3VwbG9hZHNcLzIwMjNcLzExXC9NQVAtQUJBRVRFLTE4NS1zY2FsZWQuanBnIiwic2xpZGVzaG93IjoiZmM2ZDdiNSJ9\" href='https:\/\/mapc.ong.br\/wp-content\/uploads\/2023\/11\/MAP-ABAETE-185-scaled.jpg'><img loading=\"lazy\" decoding=\"async\" width=\"150\" height=\"150\" src=\"https:\/\/mapc.ong.br\/wp-content\/uploads\/2023\/11\/MAP-ABAETE-185-150x150.jpg\" class=\"attachment-thumbnail size-thumbnail\" alt=\"\" srcset=\"https:\/\/mapc.ong.br\/wp-content\/uploads\/2023\/11\/MAP-ABAETE-185-150x150.jpg 150w, https:\/\/mapc.ong.br\/wp-content\/uploads\/2023\/11\/MAP-ABAETE-185-230x230.jpg 230w, https:\/\/mapc.ong.br\/wp-content\/uploads\/2023\/11\/MAP-ABAETE-185-400x400.jpg 400w, https:\/\/mapc.ong.br\/wp-content\/uploads\/2023\/11\/MAP-ABAETE-185-640x640.jpg 640w\" sizes=\"(max-width: 150px) 100vw, 150px\" \/><\/a>\n\t\t\t<\/div><\/figure><figure class='gallery-item'>\n\t\t\t<div class='gallery-icon landscape'>\n\t\t\t\t<a data-elementor-open-lightbox=\"yes\" data-elementor-lightbox-slideshow=\"fc6d7b5\" data-elementor-lightbox-title=\"MAP - ABAET\u00c9-186\" data-e-action-hash=\"#elementor-action%3Aaction%3Dlightbox%26settings%3DeyJpZCI6MzU5LCJ1cmwiOiJodHRwczpcL1wvbWFwYy5vbmcuYnJcL3dwLWNvbnRlbnRcL3VwbG9hZHNcLzIwMjNcLzExXC9NQVAtQUJBRVRFLTE4Ni1zY2FsZWQuanBnIiwic2xpZGVzaG93IjoiZmM2ZDdiNSJ9\" href='https:\/\/mapc.ong.br\/wp-content\/uploads\/2023\/11\/MAP-ABAETE-186-scaled.jpg'><img loading=\"lazy\" decoding=\"async\" width=\"150\" height=\"150\" src=\"https:\/\/mapc.ong.br\/wp-content\/uploads\/2023\/11\/MAP-ABAETE-186-150x150.jpg\" class=\"attachment-thumbnail size-thumbnail\" alt=\"\" srcset=\"https:\/\/mapc.ong.br\/wp-content\/uploads\/2023\/11\/MAP-ABAETE-186-150x150.jpg 150w, https:\/\/mapc.ong.br\/wp-content\/uploads\/2023\/11\/MAP-ABAETE-186-230x230.jpg 230w, https:\/\/mapc.ong.br\/wp-content\/uploads\/2023\/11\/MAP-ABAETE-186-400x400.jpg 400w, https:\/\/mapc.ong.br\/wp-content\/uploads\/2023\/11\/MAP-ABAETE-186-640x640.jpg 640w\" sizes=\"(max-width: 150px) 100vw, 150px\" \/><\/a>\n\t\t\t<\/div><\/figure><figure class='gallery-item'>\n\t\t\t<div class='gallery-icon landscape'>\n\t\t\t\t<a data-elementor-open-lightbox=\"yes\" data-elementor-lightbox-slideshow=\"fc6d7b5\" data-elementor-lightbox-title=\"MAP - ABAET\u00c9-189\" data-e-action-hash=\"#elementor-action%3Aaction%3Dlightbox%26settings%3DeyJpZCI6MzYyLCJ1cmwiOiJodHRwczpcL1wvbWFwYy5vbmcuYnJcL3dwLWNvbnRlbnRcL3VwbG9hZHNcLzIwMjNcLzExXC9NQVAtQUJBRVRFLTE4OS1zY2FsZWQuanBnIiwic2xpZGVzaG93IjoiZmM2ZDdiNSJ9\" href='https:\/\/mapc.ong.br\/wp-content\/uploads\/2023\/11\/MAP-ABAETE-189-scaled.jpg'><img loading=\"lazy\" decoding=\"async\" width=\"150\" height=\"150\" src=\"https:\/\/mapc.ong.br\/wp-content\/uploads\/2023\/11\/MAP-ABAETE-189-150x150.jpg\" class=\"attachment-thumbnail size-thumbnail\" alt=\"\" srcset=\"https:\/\/mapc.ong.br\/wp-content\/uploads\/2023\/11\/MAP-ABAETE-189-150x150.jpg 150w, https:\/\/mapc.ong.br\/wp-content\/uploads\/2023\/11\/MAP-ABAETE-189-230x230.jpg 230w, https:\/\/mapc.ong.br\/wp-content\/uploads\/2023\/11\/MAP-ABAETE-189-400x400.jpg 400w, https:\/\/mapc.ong.br\/wp-content\/uploads\/2023\/11\/MAP-ABAETE-189-640x640.jpg 640w\" sizes=\"(max-width: 150px) 100vw, 150px\" \/><\/a>\n\t\t\t<\/div><\/figure><figure class='gallery-item'>\n\t\t\t<div class='gallery-icon landscape'>\n\t\t\t\t<a data-elementor-open-lightbox=\"yes\" data-elementor-lightbox-slideshow=\"fc6d7b5\" data-elementor-lightbox-title=\"MAP - POMP\u00c9U-85\" data-e-action-hash=\"#elementor-action%3Aaction%3Dlightbox%26settings%3DeyJpZCI6MzY0LCJ1cmwiOiJodHRwczpcL1wvbWFwYy5vbmcuYnJcL3dwLWNvbnRlbnRcL3VwbG9hZHNcLzIwMjNcLzExXC9NQVAtUE9NUEVVLTg1LTEtc2NhbGVkLmpwZyIsInNsaWRlc2hvdyI6ImZjNmQ3YjUifQ%3D%3D\" href='https:\/\/mapc.ong.br\/wp-content\/uploads\/2023\/11\/MAP-POMPEU-85-1-scaled.jpg'><img loading=\"lazy\" decoding=\"async\" width=\"150\" height=\"150\" src=\"https:\/\/mapc.ong.br\/wp-content\/uploads\/2023\/11\/MAP-POMPEU-85-1-150x150.jpg\" class=\"attachment-thumbnail size-thumbnail\" alt=\"\" srcset=\"https:\/\/mapc.ong.br\/wp-content\/uploads\/2023\/11\/MAP-POMPEU-85-1-150x150.jpg 150w, https:\/\/mapc.ong.br\/wp-content\/uploads\/2023\/11\/MAP-POMPEU-85-1-230x230.jpg 230w, https:\/\/mapc.ong.br\/wp-content\/uploads\/2023\/11\/MAP-POMPEU-85-1-400x400.jpg 400w, https:\/\/mapc.ong.br\/wp-content\/uploads\/2023\/11\/MAP-POMPEU-85-1-640x640.jpg 640w\" sizes=\"(max-width: 150px) 100vw, 150px\" \/><\/a>\n\t\t\t<\/div><\/figure><figure class='gallery-item'>\n\t\t\t<div class='gallery-icon landscape'>\n\t\t\t\t<a data-elementor-open-lightbox=\"yes\" data-elementor-lightbox-slideshow=\"fc6d7b5\" data-elementor-lightbox-title=\"MAP - POMP\u00c9U-91\" data-e-action-hash=\"#elementor-action%3Aaction%3Dlightbox%26settings%3DeyJpZCI6MzY2LCJ1cmwiOiJodHRwczpcL1wvbWFwYy5vbmcuYnJcL3dwLWNvbnRlbnRcL3VwbG9hZHNcLzIwMjNcLzExXC9NQVAtUE9NUEVVLTkxLTEtc2NhbGVkLmpwZyIsInNsaWRlc2hvdyI6ImZjNmQ3YjUifQ%3D%3D\" href='https:\/\/mapc.ong.br\/wp-content\/uploads\/2023\/11\/MAP-POMPEU-91-1-scaled.jpg'><img loading=\"lazy\" decoding=\"async\" width=\"150\" height=\"150\" src=\"https:\/\/mapc.ong.br\/wp-content\/uploads\/2023\/11\/MAP-POMPEU-91-1-150x150.jpg\" class=\"attachment-thumbnail size-thumbnail\" alt=\"\" srcset=\"https:\/\/mapc.ong.br\/wp-content\/uploads\/2023\/11\/MAP-POMPEU-91-1-150x150.jpg 150w, https:\/\/mapc.ong.br\/wp-content\/uploads\/2023\/11\/MAP-POMPEU-91-1-230x230.jpg 230w, https:\/\/mapc.ong.br\/wp-content\/uploads\/2023\/11\/MAP-POMPEU-91-1-400x400.jpg 400w, https:\/\/mapc.ong.br\/wp-content\/uploads\/2023\/11\/MAP-POMPEU-91-1-640x640.jpg 640w\" sizes=\"(max-width: 150px) 100vw, 150px\" \/><\/a>\n\t\t\t<\/div><\/figure><figure class='gallery-item'>\n\t\t\t<div class='gallery-icon landscape'>\n\t\t\t\t<a data-elementor-open-lightbox=\"yes\" data-elementor-lightbox-slideshow=\"fc6d7b5\" data-elementor-lightbox-title=\"MAP - POMP\u00c9U-95\" data-e-action-hash=\"#elementor-action%3Aaction%3Dlightbox%26settings%3DeyJpZCI6MzY3LCJ1cmwiOiJodHRwczpcL1wvbWFwYy5vbmcuYnJcL3dwLWNvbnRlbnRcL3VwbG9hZHNcLzIwMjNcLzExXC9NQVAtUE9NUEVVLTk1LXNjYWxlZC5qcGciLCJzbGlkZXNob3ciOiJmYzZkN2I1In0%3D\" href='https:\/\/mapc.ong.br\/wp-content\/uploads\/2023\/11\/MAP-POMPEU-95-scaled.jpg'><img loading=\"lazy\" decoding=\"async\" width=\"150\" height=\"150\" src=\"https:\/\/mapc.ong.br\/wp-content\/uploads\/2023\/11\/MAP-POMPEU-95-150x150.jpg\" class=\"attachment-thumbnail size-thumbnail\" alt=\"\" srcset=\"https:\/\/mapc.ong.br\/wp-content\/uploads\/2023\/11\/MAP-POMPEU-95-150x150.jpg 150w, https:\/\/mapc.ong.br\/wp-content\/uploads\/2023\/11\/MAP-POMPEU-95-230x230.jpg 230w, https:\/\/mapc.ong.br\/wp-content\/uploads\/2023\/11\/MAP-POMPEU-95-400x400.jpg 400w, https:\/\/mapc.ong.br\/wp-content\/uploads\/2023\/11\/MAP-POMPEU-95-640x640.jpg 640w\" sizes=\"(max-width: 150px) 100vw, 150px\" \/><\/a>\n\t\t\t<\/div><\/figure>\n\t\t<\/div>\n\t\t<\/div>\n\t\t\t\t\t\t<\/div>\n\t\t\t\t<\/div>\n\t\t\t\t<\/div>\n\t\t<div class=\"elementor-element elementor-element-2773b0c e-con-full e-flex e-con e-child\" data-id=\"2773b0c\" data-element_type=\"container\" data-e-type=\"container\">\n\t\t<div class=\"elementor-element elementor-element-aa2df6f e-flex e-con-boxed e-con e-child\" data-id=\"aa2df6f\" data-element_type=\"container\" data-e-type=\"container\">\n\t\t\t\t\t<div class=\"e-con-inner\">\n\t\t\t\t<div class=\"elementor-element elementor-element-b64c10a elementor-widget elementor-widget-image\" data-id=\"b64c10a\" data-element_type=\"widget\" data-e-type=\"widget\" data-widget_type=\"image.default\">\n\t\t\t\t<div class=\"elementor-widget-container\">\n\t\t\t\t\t\t\t\t\t\t\t\t\t\t\t<img loading=\"lazy\" decoding=\"async\" width=\"1024\" height=\"683\" src=\"https:\/\/mapc.ong.br\/wp-content\/uploads\/2023\/11\/MAP-ABAETE-290-1024x683.jpg\" class=\"attachment-large size-large wp-image-458\" alt=\"\" srcset=\"https:\/\/mapc.ong.br\/wp-content\/uploads\/2023\/11\/MAP-ABAETE-290-1024x683.jpg 1024w, https:\/\/mapc.ong.br\/wp-content\/uploads\/2023\/11\/MAP-ABAETE-290-300x200.jpg 300w, https:\/\/mapc.ong.br\/wp-content\/uploads\/2023\/11\/MAP-ABAETE-290-768x512.jpg 768w, https:\/\/mapc.ong.br\/wp-content\/uploads\/2023\/11\/MAP-ABAETE-290-1536x1024.jpg 1536w, https:\/\/mapc.ong.br\/wp-content\/uploads\/2023\/11\/MAP-ABAETE-290-2048x1365.jpg 2048w, https:\/\/mapc.ong.br\/wp-content\/uploads\/2023\/11\/MAP-ABAETE-290-600x400.jpg 600w\" sizes=\"(max-width: 1024px) 100vw, 1024px\" \/>\t\t\t\t\t\t\t\t\t\t\t\t\t\t\t<\/div>\n\t\t\t\t<\/div>\n\t\t\t\t\t<\/div>\n\t\t\t\t<\/div>\n\t\t\t\t<div class=\"elementor-element elementor-element-e5610ed elementor-widget elementor-widget-text-editor\" data-id=\"e5610ed\" data-element_type=\"widget\" data-e-type=\"widget\" data-widget_type=\"text-editor.default\">\n\t\t\t\t<div class=\"elementor-widget-container\">\n\t\t\t\t\t\t\t\t\t<p>Professor Marcelo Cavalcanti &#8211; Professor de Violino do MAP.<\/p>\t\t\t\t\t\t\t\t<\/div>\n\t\t\t\t<\/div>\n\t\t<div class=\"elementor-element elementor-element-98d6382 e-flex e-con-boxed e-con e-child\" data-id=\"98d6382\" data-element_type=\"container\" data-e-type=\"container\">\n\t\t\t\t\t<div class=\"e-con-inner\">\n\t\t\t\t<div class=\"elementor-element elementor-element-fd43b26 elementor-widget elementor-widget-image\" data-id=\"fd43b26\" data-element_type=\"widget\" data-e-type=\"widget\" data-widget_type=\"image.default\">\n\t\t\t\t<div class=\"elementor-widget-container\">\n\t\t\t\t\t\t\t\t\t\t\t\t\t\t\t<img loading=\"lazy\" decoding=\"async\" width=\"1024\" height=\"683\" src=\"https:\/\/mapc.ong.br\/wp-content\/uploads\/2023\/11\/MAP-ABAETE-167-1024x683.jpg\" class=\"attachment-large size-large wp-image-349\" alt=\"\" srcset=\"https:\/\/mapc.ong.br\/wp-content\/uploads\/2023\/11\/MAP-ABAETE-167-1024x683.jpg 1024w, https:\/\/mapc.ong.br\/wp-content\/uploads\/2023\/11\/MAP-ABAETE-167-300x200.jpg 300w, https:\/\/mapc.ong.br\/wp-content\/uploads\/2023\/11\/MAP-ABAETE-167-768x512.jpg 768w, https:\/\/mapc.ong.br\/wp-content\/uploads\/2023\/11\/MAP-ABAETE-167-1536x1024.jpg 1536w, https:\/\/mapc.ong.br\/wp-content\/uploads\/2023\/11\/MAP-ABAETE-167-2048x1365.jpg 2048w, https:\/\/mapc.ong.br\/wp-content\/uploads\/2023\/11\/MAP-ABAETE-167-600x400.jpg 600w\" sizes=\"(max-width: 1024px) 100vw, 1024px\" \/>\t\t\t\t\t\t\t\t\t\t\t\t\t\t\t<\/div>\n\t\t\t\t<\/div>\n\t\t\t\t<div class=\"elementor-element elementor-element-12b1ba7 elementor-widget elementor-widget-text-editor\" data-id=\"12b1ba7\" data-element_type=\"widget\" data-e-type=\"widget\" data-widget_type=\"text-editor.default\">\n\t\t\t\t<div class=\"elementor-widget-container\">\n\t\t\t\t\t\t\t\t\t<p>Julia Lemos &#8211; Professora Assistente do MAP.<\/p>\t\t\t\t\t\t\t\t<\/div>\n\t\t\t\t<\/div>\n\t\t\t\t\t<\/div>\n\t\t\t\t<\/div>\n\t\t\t\t<\/div>\n\t\t\t\t\t<\/div>\n\t\t\t\t<\/div>\n\t\t\t\t<\/div>\n\t\t","protected":false},"excerpt":{"rendered":"<p>Em um reino de notas e sonhos tecidos, O aprendizado do violino \u00e9 como ser conduzido. Nas m\u00e3os do aprendiz, o arco \u00e9 uma pena, A dan\u00e7a das cordas, a sinfonia que acena. Professor Marcelo Cavalcanti &#8211; Professor de Violino do MAP. Julia Lemos &#8211; Professora Assistente do MAP.<\/p>\n","protected":false},"author":2,"featured_media":0,"parent":0,"menu_order":0,"comment_status":"closed","ping_status":"closed","template":"elementor_header_footer","meta":{"_joinchat":[],"footnotes":""},"class_list":["post-138","page","type-page","status-publish","hentry"],"_links":{"self":[{"href":"https:\/\/mapc.ong.br\/index.php?rest_route=\/wp\/v2\/pages\/138","targetHints":{"allow":["GET"]}}],"collection":[{"href":"https:\/\/mapc.ong.br\/index.php?rest_route=\/wp\/v2\/pages"}],"about":[{"href":"https:\/\/mapc.ong.br\/index.php?rest_route=\/wp\/v2\/types\/page"}],"author":[{"embeddable":true,"href":"https:\/\/mapc.ong.br\/index.php?rest_route=\/wp\/v2\/users\/2"}],"replies":[{"embeddable":true,"href":"https:\/\/mapc.ong.br\/index.php?rest_route=%2Fwp%2Fv2%2Fcomments&post=138"}],"version-history":[{"count":40,"href":"https:\/\/mapc.ong.br\/index.php?rest_route=\/wp\/v2\/pages\/138\/revisions"}],"predecessor-version":[{"id":667,"href":"https:\/\/mapc.ong.br\/index.php?rest_route=\/wp\/v2\/pages\/138\/revisions\/667"}],"wp:attachment":[{"href":"https:\/\/mapc.ong.br\/index.php?rest_route=%2Fwp%2Fv2%2Fmedia&parent=138"}],"curies":[{"name":"wp","href":"https:\/\/api.w.org\/{rel}","templated":true}]}}