{"id":140,"date":"2023-11-15T20:41:43","date_gmt":"2023-11-15T23:41:43","guid":{"rendered":"https:\/\/mapc.ong.br\/?page_id=140"},"modified":"2023-11-18T09:59:03","modified_gmt":"2023-11-18T12:59:03","slug":"violao","status":"publish","type":"page","link":"https:\/\/mapc.ong.br\/?page_id=140","title":{"rendered":"Viol\u00e3o Popular"},"content":{"rendered":"\t\t<div data-elementor-type=\"wp-page\" data-elementor-id=\"140\" class=\"elementor elementor-140\">\n\t\t\t\t<div class=\"elementor-element elementor-element-4abb90e e-flex e-con-boxed e-con e-parent\" data-id=\"4abb90e\" data-element_type=\"container\" data-e-type=\"container\">\n\t\t\t\t\t<div class=\"e-con-inner\">\n\t\t\t\t<div class=\"elementor-element elementor-element-337dece elementor-widget elementor-widget-text-editor\" data-id=\"337dece\" data-element_type=\"widget\" data-e-type=\"widget\" data-widget_type=\"text-editor.default\">\n\t\t\t\t<div class=\"elementor-widget-container\">\n\t\t\t\t\t\t\t\t\t<p>Assim, ele forja m\u00fasicos, transforma vidas, Guiando o aprendiz nas notas coloridas. A import\u00e2ncia \u00e9 imensa, no palco da educa\u00e7\u00e3o, O professor de viol\u00e3o, regente da transforma\u00e7\u00e3o.<\/p>\t\t\t\t\t\t\t\t<\/div>\n\t\t\t\t<\/div>\n\t\t\t\t\t<\/div>\n\t\t\t\t<\/div>\n\t\t<div class=\"elementor-element elementor-element-d86e551 e-flex e-con-boxed e-con e-parent\" data-id=\"d86e551\" data-element_type=\"container\" data-e-type=\"container\">\n\t\t\t\t\t<div class=\"e-con-inner\">\n\t\t<div class=\"elementor-element elementor-element-991ca9d e-con-full e-flex e-con e-child\" data-id=\"991ca9d\" data-element_type=\"container\" data-e-type=\"container\">\n\t\t\t\t<div class=\"elementor-element elementor-element-b50dc11 elementor-widget elementor-widget-image-gallery\" data-id=\"b50dc11\" data-element_type=\"widget\" data-e-type=\"widget\" data-widget_type=\"image-gallery.default\">\n\t\t\t\t<div class=\"elementor-widget-container\">\n\t\t\t\t\t\t\t<div class=\"elementor-image-gallery\">\n\t\t\t<div id='gallery-1' class='gallery galleryid-140 gallery-columns-4 gallery-size-thumbnail'><figure class='gallery-item'>\n\t\t\t<div class='gallery-icon landscape'>\n\t\t\t\t<a data-elementor-open-lightbox=\"yes\" data-elementor-lightbox-slideshow=\"b50dc11\" data-elementor-lightbox-title=\"Violao (28)\" data-e-action-hash=\"#elementor-action%3Aaction%3Dlightbox%26settings%3DeyJpZCI6NDE5LCJ1cmwiOiJodHRwczpcL1wvbWFwYy5vbmcuYnJcL3dwLWNvbnRlbnRcL3VwbG9hZHNcLzIwMjNcLzExXC9WaW9sYW8tMjgtc2NhbGVkLmpwZyIsInNsaWRlc2hvdyI6ImI1MGRjMTEifQ%3D%3D\" href='https:\/\/mapc.ong.br\/wp-content\/uploads\/2023\/11\/Violao-28-scaled.jpg'><img decoding=\"async\" width=\"150\" height=\"150\" src=\"https:\/\/mapc.ong.br\/wp-content\/uploads\/2023\/11\/Violao-28-150x150.jpg\" class=\"attachment-thumbnail size-thumbnail\" alt=\"\" srcset=\"https:\/\/mapc.ong.br\/wp-content\/uploads\/2023\/11\/Violao-28-150x150.jpg 150w, https:\/\/mapc.ong.br\/wp-content\/uploads\/2023\/11\/Violao-28-230x230.jpg 230w, https:\/\/mapc.ong.br\/wp-content\/uploads\/2023\/11\/Violao-28-400x400.jpg 400w, https:\/\/mapc.ong.br\/wp-content\/uploads\/2023\/11\/Violao-28-640x640.jpg 640w\" sizes=\"(max-width: 150px) 100vw, 150px\" \/><\/a>\n\t\t\t<\/div><\/figure><figure class='gallery-item'>\n\t\t\t<div class='gallery-icon landscape'>\n\t\t\t\t<a data-elementor-open-lightbox=\"yes\" data-elementor-lightbox-slideshow=\"b50dc11\" data-elementor-lightbox-title=\"Violao (30)\" data-e-action-hash=\"#elementor-action%3Aaction%3Dlightbox%26settings%3DeyJpZCI6NDIxLCJ1cmwiOiJodHRwczpcL1wvbWFwYy5vbmcuYnJcL3dwLWNvbnRlbnRcL3VwbG9hZHNcLzIwMjNcLzExXC9WaW9sYW8tMzAtc2NhbGVkLmpwZyIsInNsaWRlc2hvdyI6ImI1MGRjMTEifQ%3D%3D\" href='https:\/\/mapc.ong.br\/wp-content\/uploads\/2023\/11\/Violao-30-scaled.jpg'><img decoding=\"async\" width=\"150\" height=\"150\" src=\"https:\/\/mapc.ong.br\/wp-content\/uploads\/2023\/11\/Violao-30-150x150.jpg\" class=\"attachment-thumbnail size-thumbnail\" alt=\"\" srcset=\"https:\/\/mapc.ong.br\/wp-content\/uploads\/2023\/11\/Violao-30-150x150.jpg 150w, https:\/\/mapc.ong.br\/wp-content\/uploads\/2023\/11\/Violao-30-230x230.jpg 230w, https:\/\/mapc.ong.br\/wp-content\/uploads\/2023\/11\/Violao-30-400x400.jpg 400w, https:\/\/mapc.ong.br\/wp-content\/uploads\/2023\/11\/Violao-30-640x640.jpg 640w\" sizes=\"(max-width: 150px) 100vw, 150px\" \/><\/a>\n\t\t\t<\/div><\/figure><figure class='gallery-item'>\n\t\t\t<div class='gallery-icon landscape'>\n\t\t\t\t<a data-elementor-open-lightbox=\"yes\" data-elementor-lightbox-slideshow=\"b50dc11\" data-elementor-lightbox-title=\"Violao (8)\" data-e-action-hash=\"#elementor-action%3Aaction%3Dlightbox%26settings%3DeyJpZCI6Mzk5LCJ1cmwiOiJodHRwczpcL1wvbWFwYy5vbmcuYnJcL3dwLWNvbnRlbnRcL3VwbG9hZHNcLzIwMjNcLzExXC9WaW9sYW8tOC1zY2FsZWQuanBnIiwic2xpZGVzaG93IjoiYjUwZGMxMSJ9\" href='https:\/\/mapc.ong.br\/wp-content\/uploads\/2023\/11\/Violao-8-scaled.jpg'><img decoding=\"async\" width=\"150\" height=\"150\" src=\"https:\/\/mapc.ong.br\/wp-content\/uploads\/2023\/11\/Violao-8-150x150.jpg\" class=\"attachment-thumbnail size-thumbnail\" alt=\"\" srcset=\"https:\/\/mapc.ong.br\/wp-content\/uploads\/2023\/11\/Violao-8-150x150.jpg 150w, https:\/\/mapc.ong.br\/wp-content\/uploads\/2023\/11\/Violao-8-230x230.jpg 230w, https:\/\/mapc.ong.br\/wp-content\/uploads\/2023\/11\/Violao-8-400x400.jpg 400w, https:\/\/mapc.ong.br\/wp-content\/uploads\/2023\/11\/Violao-8-640x640.jpg 640w\" sizes=\"(max-width: 150px) 100vw, 150px\" \/><\/a>\n\t\t\t<\/div><\/figure><figure class='gallery-item'>\n\t\t\t<div class='gallery-icon landscape'>\n\t\t\t\t<a data-elementor-open-lightbox=\"yes\" data-elementor-lightbox-slideshow=\"b50dc11\" data-elementor-lightbox-title=\"Violao (11)\" data-e-action-hash=\"#elementor-action%3Aaction%3Dlightbox%26settings%3DeyJpZCI6NDAyLCJ1cmwiOiJodHRwczpcL1wvbWFwYy5vbmcuYnJcL3dwLWNvbnRlbnRcL3VwbG9hZHNcLzIwMjNcLzExXC9WaW9sYW8tMTEtc2NhbGVkLmpwZyIsInNsaWRlc2hvdyI6ImI1MGRjMTEifQ%3D%3D\" href='https:\/\/mapc.ong.br\/wp-content\/uploads\/2023\/11\/Violao-11-scaled.jpg'><img loading=\"lazy\" decoding=\"async\" width=\"150\" height=\"150\" src=\"https:\/\/mapc.ong.br\/wp-content\/uploads\/2023\/11\/Violao-11-150x150.jpg\" class=\"attachment-thumbnail size-thumbnail\" alt=\"\" srcset=\"https:\/\/mapc.ong.br\/wp-content\/uploads\/2023\/11\/Violao-11-150x150.jpg 150w, https:\/\/mapc.ong.br\/wp-content\/uploads\/2023\/11\/Violao-11-230x230.jpg 230w, https:\/\/mapc.ong.br\/wp-content\/uploads\/2023\/11\/Violao-11-400x400.jpg 400w, https:\/\/mapc.ong.br\/wp-content\/uploads\/2023\/11\/Violao-11-640x640.jpg 640w\" sizes=\"(max-width: 150px) 100vw, 150px\" \/><\/a>\n\t\t\t<\/div><\/figure><figure class='gallery-item'>\n\t\t\t<div class='gallery-icon landscape'>\n\t\t\t\t<a data-elementor-open-lightbox=\"yes\" data-elementor-lightbox-slideshow=\"b50dc11\" data-elementor-lightbox-title=\"Violao (12)\" data-e-action-hash=\"#elementor-action%3Aaction%3Dlightbox%26settings%3DeyJpZCI6NDAzLCJ1cmwiOiJodHRwczpcL1wvbWFwYy5vbmcuYnJcL3dwLWNvbnRlbnRcL3VwbG9hZHNcLzIwMjNcLzExXC9WaW9sYW8tMTItc2NhbGVkLmpwZyIsInNsaWRlc2hvdyI6ImI1MGRjMTEifQ%3D%3D\" href='https:\/\/mapc.ong.br\/wp-content\/uploads\/2023\/11\/Violao-12-scaled.jpg'><img loading=\"lazy\" decoding=\"async\" width=\"150\" height=\"150\" src=\"https:\/\/mapc.ong.br\/wp-content\/uploads\/2023\/11\/Violao-12-150x150.jpg\" class=\"attachment-thumbnail size-thumbnail\" alt=\"\" srcset=\"https:\/\/mapc.ong.br\/wp-content\/uploads\/2023\/11\/Violao-12-150x150.jpg 150w, https:\/\/mapc.ong.br\/wp-content\/uploads\/2023\/11\/Violao-12-230x230.jpg 230w, https:\/\/mapc.ong.br\/wp-content\/uploads\/2023\/11\/Violao-12-400x400.jpg 400w, https:\/\/mapc.ong.br\/wp-content\/uploads\/2023\/11\/Violao-12-640x640.jpg 640w\" sizes=\"(max-width: 150px) 100vw, 150px\" \/><\/a>\n\t\t\t<\/div><\/figure><figure class='gallery-item'>\n\t\t\t<div class='gallery-icon landscape'>\n\t\t\t\t<a data-elementor-open-lightbox=\"yes\" data-elementor-lightbox-slideshow=\"b50dc11\" data-elementor-lightbox-title=\"Violao (15)\" data-e-action-hash=\"#elementor-action%3Aaction%3Dlightbox%26settings%3DeyJpZCI6NDA2LCJ1cmwiOiJodHRwczpcL1wvbWFwYy5vbmcuYnJcL3dwLWNvbnRlbnRcL3VwbG9hZHNcLzIwMjNcLzExXC9WaW9sYW8tMTUtc2NhbGVkLmpwZyIsInNsaWRlc2hvdyI6ImI1MGRjMTEifQ%3D%3D\" href='https:\/\/mapc.ong.br\/wp-content\/uploads\/2023\/11\/Violao-15-scaled.jpg'><img loading=\"lazy\" decoding=\"async\" width=\"150\" height=\"150\" src=\"https:\/\/mapc.ong.br\/wp-content\/uploads\/2023\/11\/Violao-15-150x150.jpg\" class=\"attachment-thumbnail size-thumbnail\" alt=\"\" srcset=\"https:\/\/mapc.ong.br\/wp-content\/uploads\/2023\/11\/Violao-15-150x150.jpg 150w, https:\/\/mapc.ong.br\/wp-content\/uploads\/2023\/11\/Violao-15-230x230.jpg 230w, https:\/\/mapc.ong.br\/wp-content\/uploads\/2023\/11\/Violao-15-400x400.jpg 400w, https:\/\/mapc.ong.br\/wp-content\/uploads\/2023\/11\/Violao-15-640x640.jpg 640w\" sizes=\"(max-width: 150px) 100vw, 150px\" \/><\/a>\n\t\t\t<\/div><\/figure><figure class='gallery-item'>\n\t\t\t<div class='gallery-icon landscape'>\n\t\t\t\t<a data-elementor-open-lightbox=\"yes\" data-elementor-lightbox-slideshow=\"b50dc11\" data-elementor-lightbox-title=\"Violao (6)\" data-e-action-hash=\"#elementor-action%3Aaction%3Dlightbox%26settings%3DeyJpZCI6Mzk3LCJ1cmwiOiJodHRwczpcL1wvbWFwYy5vbmcuYnJcL3dwLWNvbnRlbnRcL3VwbG9hZHNcLzIwMjNcLzExXC9WaW9sYW8tNi1zY2FsZWQuanBnIiwic2xpZGVzaG93IjoiYjUwZGMxMSJ9\" href='https:\/\/mapc.ong.br\/wp-content\/uploads\/2023\/11\/Violao-6-scaled.jpg'><img loading=\"lazy\" decoding=\"async\" width=\"150\" height=\"150\" src=\"https:\/\/mapc.ong.br\/wp-content\/uploads\/2023\/11\/Violao-6-150x150.jpg\" class=\"attachment-thumbnail size-thumbnail\" alt=\"\" srcset=\"https:\/\/mapc.ong.br\/wp-content\/uploads\/2023\/11\/Violao-6-150x150.jpg 150w, https:\/\/mapc.ong.br\/wp-content\/uploads\/2023\/11\/Violao-6-230x230.jpg 230w, https:\/\/mapc.ong.br\/wp-content\/uploads\/2023\/11\/Violao-6-400x400.jpg 400w, https:\/\/mapc.ong.br\/wp-content\/uploads\/2023\/11\/Violao-6-640x640.jpg 640w\" sizes=\"(max-width: 150px) 100vw, 150px\" \/><\/a>\n\t\t\t<\/div><\/figure><figure class='gallery-item'>\n\t\t\t<div class='gallery-icon landscape'>\n\t\t\t\t<a data-elementor-open-lightbox=\"yes\" data-elementor-lightbox-slideshow=\"b50dc11\" data-elementor-lightbox-title=\"Violao (17)\" data-e-action-hash=\"#elementor-action%3Aaction%3Dlightbox%26settings%3DeyJpZCI6NDA4LCJ1cmwiOiJodHRwczpcL1wvbWFwYy5vbmcuYnJcL3dwLWNvbnRlbnRcL3VwbG9hZHNcLzIwMjNcLzExXC9WaW9sYW8tMTctc2NhbGVkLmpwZyIsInNsaWRlc2hvdyI6ImI1MGRjMTEifQ%3D%3D\" href='https:\/\/mapc.ong.br\/wp-content\/uploads\/2023\/11\/Violao-17-scaled.jpg'><img loading=\"lazy\" decoding=\"async\" width=\"150\" height=\"150\" src=\"https:\/\/mapc.ong.br\/wp-content\/uploads\/2023\/11\/Violao-17-150x150.jpg\" class=\"attachment-thumbnail size-thumbnail\" alt=\"\" srcset=\"https:\/\/mapc.ong.br\/wp-content\/uploads\/2023\/11\/Violao-17-150x150.jpg 150w, https:\/\/mapc.ong.br\/wp-content\/uploads\/2023\/11\/Violao-17-230x230.jpg 230w, https:\/\/mapc.ong.br\/wp-content\/uploads\/2023\/11\/Violao-17-400x400.jpg 400w, https:\/\/mapc.ong.br\/wp-content\/uploads\/2023\/11\/Violao-17-640x640.jpg 640w\" sizes=\"(max-width: 150px) 100vw, 150px\" \/><\/a>\n\t\t\t<\/div><\/figure><figure class='gallery-item'>\n\t\t\t<div class='gallery-icon landscape'>\n\t\t\t\t<a data-elementor-open-lightbox=\"yes\" data-elementor-lightbox-slideshow=\"b50dc11\" data-elementor-lightbox-title=\"Violao (2)\" data-e-action-hash=\"#elementor-action%3Aaction%3Dlightbox%26settings%3DeyJpZCI6MzkzLCJ1cmwiOiJodHRwczpcL1wvbWFwYy5vbmcuYnJcL3dwLWNvbnRlbnRcL3VwbG9hZHNcLzIwMjNcLzExXC9WaW9sYW8tMi1zY2FsZWQuanBnIiwic2xpZGVzaG93IjoiYjUwZGMxMSJ9\" href='https:\/\/mapc.ong.br\/wp-content\/uploads\/2023\/11\/Violao-2-scaled.jpg'><img loading=\"lazy\" decoding=\"async\" width=\"150\" height=\"150\" src=\"https:\/\/mapc.ong.br\/wp-content\/uploads\/2023\/11\/Violao-2-150x150.jpg\" class=\"attachment-thumbnail size-thumbnail\" alt=\"\" srcset=\"https:\/\/mapc.ong.br\/wp-content\/uploads\/2023\/11\/Violao-2-150x150.jpg 150w, https:\/\/mapc.ong.br\/wp-content\/uploads\/2023\/11\/Violao-2-230x230.jpg 230w, https:\/\/mapc.ong.br\/wp-content\/uploads\/2023\/11\/Violao-2-400x400.jpg 400w, https:\/\/mapc.ong.br\/wp-content\/uploads\/2023\/11\/Violao-2-640x640.jpg 640w\" sizes=\"(max-width: 150px) 100vw, 150px\" \/><\/a>\n\t\t\t<\/div><\/figure><figure class='gallery-item'>\n\t\t\t<div class='gallery-icon landscape'>\n\t\t\t\t<a data-elementor-open-lightbox=\"yes\" data-elementor-lightbox-slideshow=\"b50dc11\" data-elementor-lightbox-title=\"Violao (18)\" data-e-action-hash=\"#elementor-action%3Aaction%3Dlightbox%26settings%3DeyJpZCI6NDA5LCJ1cmwiOiJodHRwczpcL1wvbWFwYy5vbmcuYnJcL3dwLWNvbnRlbnRcL3VwbG9hZHNcLzIwMjNcLzExXC9WaW9sYW8tMTgtc2NhbGVkLmpwZyIsInNsaWRlc2hvdyI6ImI1MGRjMTEifQ%3D%3D\" href='https:\/\/mapc.ong.br\/wp-content\/uploads\/2023\/11\/Violao-18-scaled.jpg'><img loading=\"lazy\" decoding=\"async\" width=\"150\" height=\"150\" src=\"https:\/\/mapc.ong.br\/wp-content\/uploads\/2023\/11\/Violao-18-150x150.jpg\" class=\"attachment-thumbnail size-thumbnail\" alt=\"\" srcset=\"https:\/\/mapc.ong.br\/wp-content\/uploads\/2023\/11\/Violao-18-150x150.jpg 150w, https:\/\/mapc.ong.br\/wp-content\/uploads\/2023\/11\/Violao-18-230x230.jpg 230w, https:\/\/mapc.ong.br\/wp-content\/uploads\/2023\/11\/Violao-18-400x400.jpg 400w, https:\/\/mapc.ong.br\/wp-content\/uploads\/2023\/11\/Violao-18-640x640.jpg 640w\" sizes=\"(max-width: 150px) 100vw, 150px\" \/><\/a>\n\t\t\t<\/div><\/figure><figure class='gallery-item'>\n\t\t\t<div class='gallery-icon landscape'>\n\t\t\t\t<a data-elementor-open-lightbox=\"yes\" data-elementor-lightbox-slideshow=\"b50dc11\" data-elementor-lightbox-title=\"Violao (21)\" data-e-action-hash=\"#elementor-action%3Aaction%3Dlightbox%26settings%3DeyJpZCI6NDEyLCJ1cmwiOiJodHRwczpcL1wvbWFwYy5vbmcuYnJcL3dwLWNvbnRlbnRcL3VwbG9hZHNcLzIwMjNcLzExXC9WaW9sYW8tMjEtc2NhbGVkLmpwZyIsInNsaWRlc2hvdyI6ImI1MGRjMTEifQ%3D%3D\" href='https:\/\/mapc.ong.br\/wp-content\/uploads\/2023\/11\/Violao-21-scaled.jpg'><img loading=\"lazy\" decoding=\"async\" width=\"150\" height=\"150\" src=\"https:\/\/mapc.ong.br\/wp-content\/uploads\/2023\/11\/Violao-21-150x150.jpg\" class=\"attachment-thumbnail size-thumbnail\" alt=\"\" srcset=\"https:\/\/mapc.ong.br\/wp-content\/uploads\/2023\/11\/Violao-21-150x150.jpg 150w, https:\/\/mapc.ong.br\/wp-content\/uploads\/2023\/11\/Violao-21-230x230.jpg 230w, https:\/\/mapc.ong.br\/wp-content\/uploads\/2023\/11\/Violao-21-400x400.jpg 400w, https:\/\/mapc.ong.br\/wp-content\/uploads\/2023\/11\/Violao-21-640x640.jpg 640w\" sizes=\"(max-width: 150px) 100vw, 150px\" \/><\/a>\n\t\t\t<\/div><\/figure><figure class='gallery-item'>\n\t\t\t<div class='gallery-icon landscape'>\n\t\t\t\t<a data-elementor-open-lightbox=\"yes\" data-elementor-lightbox-slideshow=\"b50dc11\" data-elementor-lightbox-title=\"Violao (24)\" data-e-action-hash=\"#elementor-action%3Aaction%3Dlightbox%26settings%3DeyJpZCI6NDE1LCJ1cmwiOiJodHRwczpcL1wvbWFwYy5vbmcuYnJcL3dwLWNvbnRlbnRcL3VwbG9hZHNcLzIwMjNcLzExXC9WaW9sYW8tMjQtc2NhbGVkLmpwZyIsInNsaWRlc2hvdyI6ImI1MGRjMTEifQ%3D%3D\" href='https:\/\/mapc.ong.br\/wp-content\/uploads\/2023\/11\/Violao-24-scaled.jpg'><img loading=\"lazy\" decoding=\"async\" width=\"150\" height=\"150\" src=\"https:\/\/mapc.ong.br\/wp-content\/uploads\/2023\/11\/Violao-24-150x150.jpg\" class=\"attachment-thumbnail size-thumbnail\" alt=\"\" srcset=\"https:\/\/mapc.ong.br\/wp-content\/uploads\/2023\/11\/Violao-24-150x150.jpg 150w, https:\/\/mapc.ong.br\/wp-content\/uploads\/2023\/11\/Violao-24-230x230.jpg 230w, https:\/\/mapc.ong.br\/wp-content\/uploads\/2023\/11\/Violao-24-400x400.jpg 400w, https:\/\/mapc.ong.br\/wp-content\/uploads\/2023\/11\/Violao-24-640x640.jpg 640w\" sizes=\"(max-width: 150px) 100vw, 150px\" \/><\/a>\n\t\t\t<\/div><\/figure><figure class='gallery-item'>\n\t\t\t<div class='gallery-icon landscape'>\n\t\t\t\t<a data-elementor-open-lightbox=\"yes\" data-elementor-lightbox-slideshow=\"b50dc11\" data-elementor-lightbox-title=\"Violao (25)\" data-e-action-hash=\"#elementor-action%3Aaction%3Dlightbox%26settings%3DeyJpZCI6NDE2LCJ1cmwiOiJodHRwczpcL1wvbWFwYy5vbmcuYnJcL3dwLWNvbnRlbnRcL3VwbG9hZHNcLzIwMjNcLzExXC9WaW9sYW8tMjUtc2NhbGVkLmpwZyIsInNsaWRlc2hvdyI6ImI1MGRjMTEifQ%3D%3D\" href='https:\/\/mapc.ong.br\/wp-content\/uploads\/2023\/11\/Violao-25-scaled.jpg'><img loading=\"lazy\" decoding=\"async\" width=\"150\" height=\"150\" src=\"https:\/\/mapc.ong.br\/wp-content\/uploads\/2023\/11\/Violao-25-150x150.jpg\" class=\"attachment-thumbnail size-thumbnail\" alt=\"\" srcset=\"https:\/\/mapc.ong.br\/wp-content\/uploads\/2023\/11\/Violao-25-150x150.jpg 150w, https:\/\/mapc.ong.br\/wp-content\/uploads\/2023\/11\/Violao-25-230x230.jpg 230w, https:\/\/mapc.ong.br\/wp-content\/uploads\/2023\/11\/Violao-25-400x400.jpg 400w, https:\/\/mapc.ong.br\/wp-content\/uploads\/2023\/11\/Violao-25-640x640.jpg 640w\" sizes=\"(max-width: 150px) 100vw, 150px\" \/><\/a>\n\t\t\t<\/div><\/figure><figure class='gallery-item'>\n\t\t\t<div class='gallery-icon landscape'>\n\t\t\t\t<a data-elementor-open-lightbox=\"yes\" data-elementor-lightbox-slideshow=\"b50dc11\" data-elementor-lightbox-title=\"Violao (26)\" data-e-action-hash=\"#elementor-action%3Aaction%3Dlightbox%26settings%3DeyJpZCI6NDE3LCJ1cmwiOiJodHRwczpcL1wvbWFwYy5vbmcuYnJcL3dwLWNvbnRlbnRcL3VwbG9hZHNcLzIwMjNcLzExXC9WaW9sYW8tMjYtc2NhbGVkLmpwZyIsInNsaWRlc2hvdyI6ImI1MGRjMTEifQ%3D%3D\" href='https:\/\/mapc.ong.br\/wp-content\/uploads\/2023\/11\/Violao-26-scaled.jpg'><img loading=\"lazy\" decoding=\"async\" width=\"150\" height=\"150\" src=\"https:\/\/mapc.ong.br\/wp-content\/uploads\/2023\/11\/Violao-26-150x150.jpg\" class=\"attachment-thumbnail size-thumbnail\" alt=\"\" srcset=\"https:\/\/mapc.ong.br\/wp-content\/uploads\/2023\/11\/Violao-26-150x150.jpg 150w, https:\/\/mapc.ong.br\/wp-content\/uploads\/2023\/11\/Violao-26-230x230.jpg 230w, https:\/\/mapc.ong.br\/wp-content\/uploads\/2023\/11\/Violao-26-400x400.jpg 400w, https:\/\/mapc.ong.br\/wp-content\/uploads\/2023\/11\/Violao-26-640x640.jpg 640w\" sizes=\"(max-width: 150px) 100vw, 150px\" \/><\/a>\n\t\t\t<\/div><\/figure><figure class='gallery-item'>\n\t\t\t<div class='gallery-icon landscape'>\n\t\t\t\t<a data-elementor-open-lightbox=\"yes\" data-elementor-lightbox-slideshow=\"b50dc11\" data-elementor-lightbox-title=\"Violao (27)\" data-e-action-hash=\"#elementor-action%3Aaction%3Dlightbox%26settings%3DeyJpZCI6NDE4LCJ1cmwiOiJodHRwczpcL1wvbWFwYy5vbmcuYnJcL3dwLWNvbnRlbnRcL3VwbG9hZHNcLzIwMjNcLzExXC9WaW9sYW8tMjctc2NhbGVkLmpwZyIsInNsaWRlc2hvdyI6ImI1MGRjMTEifQ%3D%3D\" href='https:\/\/mapc.ong.br\/wp-content\/uploads\/2023\/11\/Violao-27-scaled.jpg'><img loading=\"lazy\" decoding=\"async\" width=\"150\" height=\"150\" src=\"https:\/\/mapc.ong.br\/wp-content\/uploads\/2023\/11\/Violao-27-150x150.jpg\" class=\"attachment-thumbnail size-thumbnail\" alt=\"\" srcset=\"https:\/\/mapc.ong.br\/wp-content\/uploads\/2023\/11\/Violao-27-150x150.jpg 150w, https:\/\/mapc.ong.br\/wp-content\/uploads\/2023\/11\/Violao-27-230x230.jpg 230w, https:\/\/mapc.ong.br\/wp-content\/uploads\/2023\/11\/Violao-27-400x400.jpg 400w, https:\/\/mapc.ong.br\/wp-content\/uploads\/2023\/11\/Violao-27-640x640.jpg 640w\" sizes=\"(max-width: 150px) 100vw, 150px\" \/><\/a>\n\t\t\t<\/div><\/figure><figure class='gallery-item'>\n\t\t\t<div class='gallery-icon landscape'>\n\t\t\t\t<a data-elementor-open-lightbox=\"yes\" data-elementor-lightbox-slideshow=\"b50dc11\" data-elementor-lightbox-title=\"Violao (29)\" data-e-action-hash=\"#elementor-action%3Aaction%3Dlightbox%26settings%3DeyJpZCI6NDIwLCJ1cmwiOiJodHRwczpcL1wvbWFwYy5vbmcuYnJcL3dwLWNvbnRlbnRcL3VwbG9hZHNcLzIwMjNcLzExXC9WaW9sYW8tMjktc2NhbGVkLmpwZyIsInNsaWRlc2hvdyI6ImI1MGRjMTEifQ%3D%3D\" href='https:\/\/mapc.ong.br\/wp-content\/uploads\/2023\/11\/Violao-29-scaled.jpg'><img loading=\"lazy\" decoding=\"async\" width=\"150\" height=\"150\" src=\"https:\/\/mapc.ong.br\/wp-content\/uploads\/2023\/11\/Violao-29-150x150.jpg\" class=\"attachment-thumbnail size-thumbnail\" alt=\"\" srcset=\"https:\/\/mapc.ong.br\/wp-content\/uploads\/2023\/11\/Violao-29-150x150.jpg 150w, https:\/\/mapc.ong.br\/wp-content\/uploads\/2023\/11\/Violao-29-230x230.jpg 230w, https:\/\/mapc.ong.br\/wp-content\/uploads\/2023\/11\/Violao-29-400x400.jpg 400w, https:\/\/mapc.ong.br\/wp-content\/uploads\/2023\/11\/Violao-29-640x640.jpg 640w\" sizes=\"(max-width: 150px) 100vw, 150px\" \/><\/a>\n\t\t\t<\/div><\/figure>\n\t\t<\/div>\n\t\t<\/div>\n\t\t\t\t\t\t<\/div>\n\t\t\t\t<\/div>\n\t\t\t\t<\/div>\n\t\t<div class=\"elementor-element elementor-element-50fdca2 e-con-full e-flex e-con e-child\" data-id=\"50fdca2\" data-element_type=\"container\" data-e-type=\"container\">\n\t\t<div class=\"elementor-element elementor-element-3a54dbe e-flex e-con-boxed e-con e-child\" data-id=\"3a54dbe\" data-element_type=\"container\" data-e-type=\"container\">\n\t\t\t\t\t<div class=\"e-con-inner\">\n\t\t\t\t<div class=\"elementor-element elementor-element-12efbf1 elementor-widget elementor-widget-image\" data-id=\"12efbf1\" data-element_type=\"widget\" data-e-type=\"widget\" data-widget_type=\"image.default\">\n\t\t\t\t<div class=\"elementor-widget-container\">\n\t\t\t\t\t\t\t\t\t\t\t\t\t\t\t<img loading=\"lazy\" decoding=\"async\" width=\"1024\" height=\"683\" src=\"https:\/\/mapc.ong.br\/wp-content\/uploads\/2023\/11\/Violao-1-1024x683.jpg\" class=\"attachment-large size-large wp-image-392\" alt=\"\" srcset=\"https:\/\/mapc.ong.br\/wp-content\/uploads\/2023\/11\/Violao-1-1024x683.jpg 1024w, https:\/\/mapc.ong.br\/wp-content\/uploads\/2023\/11\/Violao-1-300x200.jpg 300w, https:\/\/mapc.ong.br\/wp-content\/uploads\/2023\/11\/Violao-1-768x512.jpg 768w, https:\/\/mapc.ong.br\/wp-content\/uploads\/2023\/11\/Violao-1-1536x1024.jpg 1536w, https:\/\/mapc.ong.br\/wp-content\/uploads\/2023\/11\/Violao-1-2048x1365.jpg 2048w, https:\/\/mapc.ong.br\/wp-content\/uploads\/2023\/11\/Violao-1-600x400.jpg 600w\" sizes=\"(max-width: 1024px) 100vw, 1024px\" \/>\t\t\t\t\t\t\t\t\t\t\t\t\t\t\t<\/div>\n\t\t\t\t<\/div>\n\t\t\t\t<div class=\"elementor-element elementor-element-e7d4c68 elementor-widget elementor-widget-text-editor\" data-id=\"e7d4c68\" data-element_type=\"widget\" data-e-type=\"widget\" data-widget_type=\"text-editor.default\">\n\t\t\t\t<div class=\"elementor-widget-container\">\n\t\t\t\t\t\t\t\t\t<p>Alexandre J\u00f4natas &#8211; Professor de Viol\u00e3o do MAP<\/p>\t\t\t\t\t\t\t\t<\/div>\n\t\t\t\t<\/div>\n\t\t\t\t\t<\/div>\n\t\t\t\t<\/div>\n\t\t<div class=\"elementor-element elementor-element-120a92f e-flex e-con-boxed e-con e-child\" data-id=\"120a92f\" data-element_type=\"container\" data-e-type=\"container\">\n\t\t\t\t\t<div class=\"e-con-inner\">\n\t\t\t\t<div class=\"elementor-element elementor-element-de847af elementor-widget elementor-widget-image\" data-id=\"de847af\" data-element_type=\"widget\" data-e-type=\"widget\" data-widget_type=\"image.default\">\n\t\t\t\t<div class=\"elementor-widget-container\">\n\t\t\t\t\t\t\t\t\t\t\t\t\t\t\t<img loading=\"lazy\" decoding=\"async\" width=\"1024\" height=\"683\" src=\"https:\/\/mapc.ong.br\/wp-content\/uploads\/2023\/11\/Violao-10-1024x683.jpg\" class=\"attachment-large size-large wp-image-401\" alt=\"\" srcset=\"https:\/\/mapc.ong.br\/wp-content\/uploads\/2023\/11\/Violao-10-1024x683.jpg 1024w, https:\/\/mapc.ong.br\/wp-content\/uploads\/2023\/11\/Violao-10-300x200.jpg 300w, https:\/\/mapc.ong.br\/wp-content\/uploads\/2023\/11\/Violao-10-768x512.jpg 768w, https:\/\/mapc.ong.br\/wp-content\/uploads\/2023\/11\/Violao-10-1536x1024.jpg 1536w, https:\/\/mapc.ong.br\/wp-content\/uploads\/2023\/11\/Violao-10-2048x1365.jpg 2048w, https:\/\/mapc.ong.br\/wp-content\/uploads\/2023\/11\/Violao-10-600x400.jpg 600w\" sizes=\"(max-width: 1024px) 100vw, 1024px\" \/>\t\t\t\t\t\t\t\t\t\t\t\t\t\t\t<\/div>\n\t\t\t\t<\/div>\n\t\t\t\t<div class=\"elementor-element elementor-element-785b3f0 elementor-widget elementor-widget-text-editor\" data-id=\"785b3f0\" data-element_type=\"widget\" data-e-type=\"widget\" data-widget_type=\"text-editor.default\">\n\t\t\t\t<div class=\"elementor-widget-container\">\n\t\t\t\t\t\t\t\t\t<p>Miguel &#8211; Professor Assistente do MAP<\/p>\t\t\t\t\t\t\t\t<\/div>\n\t\t\t\t<\/div>\n\t\t\t\t\t<\/div>\n\t\t\t\t<\/div>\n\t\t\t\t<\/div>\n\t\t\t\t\t<\/div>\n\t\t\t\t<\/div>\n\t\t\t\t<\/div>\n\t\t","protected":false},"excerpt":{"rendered":"<p>Assim, ele forja m\u00fasicos, transforma vidas, Guiando o aprendiz nas notas coloridas. A import\u00e2ncia \u00e9 imensa, no palco da educa\u00e7\u00e3o, O professor de viol\u00e3o, regente da transforma\u00e7\u00e3o. Alexandre J\u00f4natas &#8211; Professor de Viol\u00e3o do MAP Miguel &#8211; Professor Assistente do MAP<\/p>\n","protected":false},"author":2,"featured_media":0,"parent":0,"menu_order":0,"comment_status":"closed","ping_status":"closed","template":"elementor_header_footer","meta":{"_joinchat":[],"footnotes":""},"class_list":["post-140","page","type-page","status-publish","hentry"],"_links":{"self":[{"href":"https:\/\/mapc.ong.br\/index.php?rest_route=\/wp\/v2\/pages\/140","targetHints":{"allow":["GET"]}}],"collection":[{"href":"https:\/\/mapc.ong.br\/index.php?rest_route=\/wp\/v2\/pages"}],"about":[{"href":"https:\/\/mapc.ong.br\/index.php?rest_route=\/wp\/v2\/types\/page"}],"author":[{"embeddable":true,"href":"https:\/\/mapc.ong.br\/index.php?rest_route=\/wp\/v2\/users\/2"}],"replies":[{"embeddable":true,"href":"https:\/\/mapc.ong.br\/index.php?rest_route=%2Fwp%2Fv2%2Fcomments&post=140"}],"version-history":[{"count":14,"href":"https:\/\/mapc.ong.br\/index.php?rest_route=\/wp\/v2\/pages\/140\/revisions"}],"predecessor-version":[{"id":670,"href":"https:\/\/mapc.ong.br\/index.php?rest_route=\/wp\/v2\/pages\/140\/revisions\/670"}],"wp:attachment":[{"href":"https:\/\/mapc.ong.br\/index.php?rest_route=%2Fwp%2Fv2%2Fmedia&parent=140"}],"curies":[{"name":"wp","href":"https:\/\/api.w.org\/{rel}","templated":true}]}}