{"id":144,"date":"2023-11-15T20:42:23","date_gmt":"2023-11-15T23:42:23","guid":{"rendered":"https:\/\/mapc.ong.br\/?page_id=144"},"modified":"2023-11-17T20:15:54","modified_gmt":"2023-11-17T23:15:54","slug":"viola-caipira","status":"publish","type":"page","link":"https:\/\/mapc.ong.br\/?page_id=144","title":{"rendered":"Viola Caipira"},"content":{"rendered":"\t\t<div data-elementor-type=\"wp-page\" data-elementor-id=\"144\" class=\"elementor elementor-144\">\n\t\t\t\t<div class=\"elementor-element elementor-element-2109195 e-flex e-con-boxed e-con e-parent\" data-id=\"2109195\" data-element_type=\"container\" data-e-type=\"container\">\n\t\t\t\t\t<div class=\"e-con-inner\">\n\t\t\t\t<div class=\"elementor-element elementor-element-016defb elementor-widget elementor-widget-text-editor\" data-id=\"016defb\" data-element_type=\"widget\" data-e-type=\"widget\" data-widget_type=\"text-editor.default\">\n\t\t\t\t<div class=\"elementor-widget-container\">\n\t\t\t\t\t\t\t\t\t<p>\u00c9 a voz do pe\u00e3o, ecoando nos campos vastos, A viola caipira, nos versos mais contrastos. No calor do fogo, nas noites serenas, Suas cordas narram as hist\u00f3rias mais plenas.<\/p>\t\t\t\t\t\t\t\t<\/div>\n\t\t\t\t<\/div>\n\t\t\t\t\t<\/div>\n\t\t\t\t<\/div>\n\t\t<div class=\"elementor-element elementor-element-451678e e-flex e-con-boxed e-con e-parent\" data-id=\"451678e\" data-element_type=\"container\" data-e-type=\"container\">\n\t\t\t\t\t<div class=\"e-con-inner\">\n\t\t<div class=\"elementor-element elementor-element-9e2cfe7 e-con-full e-flex e-con e-child\" data-id=\"9e2cfe7\" data-element_type=\"container\" data-e-type=\"container\">\n\t\t\t\t<div class=\"elementor-element elementor-element-0871d63 elementor-widget elementor-widget-image-gallery\" data-id=\"0871d63\" data-element_type=\"widget\" data-e-type=\"widget\" data-widget_type=\"image-gallery.default\">\n\t\t\t\t<div class=\"elementor-widget-container\">\n\t\t\t\t\t\t\t<div class=\"elementor-image-gallery\">\n\t\t\t<div id='gallery-1' class='gallery galleryid-144 gallery-columns-4 gallery-size-thumbnail'><figure class='gallery-item'>\n\t\t\t<div class='gallery-icon landscape'>\n\t\t\t\t<a data-elementor-open-lightbox=\"yes\" data-elementor-lightbox-slideshow=\"0871d63\" data-elementor-lightbox-title=\"violas (1)\" data-e-action-hash=\"#elementor-action%3Aaction%3Dlightbox%26settings%3DeyJpZCI6NDg0LCJ1cmwiOiJodHRwczpcL1wvbWFwYy5vbmcuYnJcL3dwLWNvbnRlbnRcL3VwbG9hZHNcLzIwMjNcLzExXC92aW9sYXMtMS1zY2FsZWQuanBnIiwic2xpZGVzaG93IjoiMDg3MWQ2MyJ9\" href='https:\/\/mapc.ong.br\/wp-content\/uploads\/2023\/11\/violas-1-scaled.jpg'><img decoding=\"async\" width=\"150\" height=\"150\" src=\"https:\/\/mapc.ong.br\/wp-content\/uploads\/2023\/11\/violas-1-150x150.jpg\" class=\"attachment-thumbnail size-thumbnail\" alt=\"\" srcset=\"https:\/\/mapc.ong.br\/wp-content\/uploads\/2023\/11\/violas-1-150x150.jpg 150w, https:\/\/mapc.ong.br\/wp-content\/uploads\/2023\/11\/violas-1-230x230.jpg 230w, https:\/\/mapc.ong.br\/wp-content\/uploads\/2023\/11\/violas-1-400x400.jpg 400w, https:\/\/mapc.ong.br\/wp-content\/uploads\/2023\/11\/violas-1-640x640.jpg 640w\" sizes=\"(max-width: 150px) 100vw, 150px\" \/><\/a>\n\t\t\t<\/div><\/figure><figure class='gallery-item'>\n\t\t\t<div class='gallery-icon landscape'>\n\t\t\t\t<a data-elementor-open-lightbox=\"yes\" data-elementor-lightbox-slideshow=\"0871d63\" data-elementor-lightbox-title=\"violas (3)\" data-e-action-hash=\"#elementor-action%3Aaction%3Dlightbox%26settings%3DeyJpZCI6NDg3LCJ1cmwiOiJodHRwczpcL1wvbWFwYy5vbmcuYnJcL3dwLWNvbnRlbnRcL3VwbG9hZHNcLzIwMjNcLzExXC92aW9sYXMtMy1zY2FsZWQuanBnIiwic2xpZGVzaG93IjoiMDg3MWQ2MyJ9\" href='https:\/\/mapc.ong.br\/wp-content\/uploads\/2023\/11\/violas-3-scaled.jpg'><img decoding=\"async\" width=\"150\" height=\"150\" src=\"https:\/\/mapc.ong.br\/wp-content\/uploads\/2023\/11\/violas-3-150x150.jpg\" class=\"attachment-thumbnail size-thumbnail\" alt=\"\" srcset=\"https:\/\/mapc.ong.br\/wp-content\/uploads\/2023\/11\/violas-3-150x150.jpg 150w, https:\/\/mapc.ong.br\/wp-content\/uploads\/2023\/11\/violas-3-230x230.jpg 230w, https:\/\/mapc.ong.br\/wp-content\/uploads\/2023\/11\/violas-3-400x400.jpg 400w, https:\/\/mapc.ong.br\/wp-content\/uploads\/2023\/11\/violas-3-640x640.jpg 640w\" sizes=\"(max-width: 150px) 100vw, 150px\" \/><\/a>\n\t\t\t<\/div><\/figure><figure class='gallery-item'>\n\t\t\t<div class='gallery-icon landscape'>\n\t\t\t\t<a data-elementor-open-lightbox=\"yes\" data-elementor-lightbox-slideshow=\"0871d63\" data-elementor-lightbox-title=\"viola (1)\" data-e-action-hash=\"#elementor-action%3Aaction%3Dlightbox%26settings%3DeyJpZCI6NDY5LCJ1cmwiOiJodHRwczpcL1wvbWFwYy5vbmcuYnJcL3dwLWNvbnRlbnRcL3VwbG9hZHNcLzIwMjNcLzExXC92aW9sYS0xLXNjYWxlZC5qcGciLCJzbGlkZXNob3ciOiIwODcxZDYzIn0%3D\" href='https:\/\/mapc.ong.br\/wp-content\/uploads\/2023\/11\/viola-1-scaled.jpg'><img decoding=\"async\" width=\"150\" height=\"150\" src=\"https:\/\/mapc.ong.br\/wp-content\/uploads\/2023\/11\/viola-1-150x150.jpg\" class=\"attachment-thumbnail size-thumbnail\" alt=\"\" srcset=\"https:\/\/mapc.ong.br\/wp-content\/uploads\/2023\/11\/viola-1-150x150.jpg 150w, https:\/\/mapc.ong.br\/wp-content\/uploads\/2023\/11\/viola-1-230x230.jpg 230w, https:\/\/mapc.ong.br\/wp-content\/uploads\/2023\/11\/viola-1-400x400.jpg 400w, https:\/\/mapc.ong.br\/wp-content\/uploads\/2023\/11\/viola-1-640x640.jpg 640w\" sizes=\"(max-width: 150px) 100vw, 150px\" \/><\/a>\n\t\t\t<\/div><\/figure><figure class='gallery-item'>\n\t\t\t<div class='gallery-icon landscape'>\n\t\t\t\t<a data-elementor-open-lightbox=\"yes\" data-elementor-lightbox-slideshow=\"0871d63\" data-elementor-lightbox-title=\"viola (3)\" data-e-action-hash=\"#elementor-action%3Aaction%3Dlightbox%26settings%3DeyJpZCI6NDcxLCJ1cmwiOiJodHRwczpcL1wvbWFwYy5vbmcuYnJcL3dwLWNvbnRlbnRcL3VwbG9hZHNcLzIwMjNcLzExXC92aW9sYS0zLXNjYWxlZC5qcGciLCJzbGlkZXNob3ciOiIwODcxZDYzIn0%3D\" href='https:\/\/mapc.ong.br\/wp-content\/uploads\/2023\/11\/viola-3-scaled.jpg'><img loading=\"lazy\" decoding=\"async\" width=\"150\" height=\"150\" src=\"https:\/\/mapc.ong.br\/wp-content\/uploads\/2023\/11\/viola-3-150x150.jpg\" class=\"attachment-thumbnail size-thumbnail\" alt=\"\" srcset=\"https:\/\/mapc.ong.br\/wp-content\/uploads\/2023\/11\/viola-3-150x150.jpg 150w, https:\/\/mapc.ong.br\/wp-content\/uploads\/2023\/11\/viola-3-230x230.jpg 230w, https:\/\/mapc.ong.br\/wp-content\/uploads\/2023\/11\/viola-3-400x400.jpg 400w, https:\/\/mapc.ong.br\/wp-content\/uploads\/2023\/11\/viola-3-640x640.jpg 640w\" sizes=\"(max-width: 150px) 100vw, 150px\" \/><\/a>\n\t\t\t<\/div><\/figure><figure class='gallery-item'>\n\t\t\t<div class='gallery-icon landscape'>\n\t\t\t\t<a data-elementor-open-lightbox=\"yes\" data-elementor-lightbox-slideshow=\"0871d63\" data-elementor-lightbox-title=\"violas (2)\" data-e-action-hash=\"#elementor-action%3Aaction%3Dlightbox%26settings%3DeyJpZCI6NDg1LCJ1cmwiOiJodHRwczpcL1wvbWFwYy5vbmcuYnJcL3dwLWNvbnRlbnRcL3VwbG9hZHNcLzIwMjNcLzExXC92aW9sYXMtMi1zY2FsZWQuanBnIiwic2xpZGVzaG93IjoiMDg3MWQ2MyJ9\" href='https:\/\/mapc.ong.br\/wp-content\/uploads\/2023\/11\/violas-2-scaled.jpg'><img loading=\"lazy\" decoding=\"async\" width=\"150\" height=\"150\" src=\"https:\/\/mapc.ong.br\/wp-content\/uploads\/2023\/11\/violas-2-150x150.jpg\" class=\"attachment-thumbnail size-thumbnail\" alt=\"\" srcset=\"https:\/\/mapc.ong.br\/wp-content\/uploads\/2023\/11\/violas-2-150x150.jpg 150w, https:\/\/mapc.ong.br\/wp-content\/uploads\/2023\/11\/violas-2-230x230.jpg 230w, https:\/\/mapc.ong.br\/wp-content\/uploads\/2023\/11\/violas-2-400x400.jpg 400w, https:\/\/mapc.ong.br\/wp-content\/uploads\/2023\/11\/violas-2-640x640.jpg 640w\" sizes=\"(max-width: 150px) 100vw, 150px\" \/><\/a>\n\t\t\t<\/div><\/figure><figure class='gallery-item'>\n\t\t\t<div class='gallery-icon landscape'>\n\t\t\t\t<a data-elementor-open-lightbox=\"yes\" data-elementor-lightbox-slideshow=\"0871d63\" data-elementor-lightbox-title=\"violas (4)\" data-e-action-hash=\"#elementor-action%3Aaction%3Dlightbox%26settings%3DeyJpZCI6NDg4LCJ1cmwiOiJodHRwczpcL1wvbWFwYy5vbmcuYnJcL3dwLWNvbnRlbnRcL3VwbG9hZHNcLzIwMjNcLzExXC92aW9sYXMtNC1zY2FsZWQuanBnIiwic2xpZGVzaG93IjoiMDg3MWQ2MyJ9\" href='https:\/\/mapc.ong.br\/wp-content\/uploads\/2023\/11\/violas-4-scaled.jpg'><img loading=\"lazy\" decoding=\"async\" width=\"150\" height=\"150\" src=\"https:\/\/mapc.ong.br\/wp-content\/uploads\/2023\/11\/violas-4-150x150.jpg\" class=\"attachment-thumbnail size-thumbnail\" alt=\"\" srcset=\"https:\/\/mapc.ong.br\/wp-content\/uploads\/2023\/11\/violas-4-150x150.jpg 150w, https:\/\/mapc.ong.br\/wp-content\/uploads\/2023\/11\/violas-4-230x230.jpg 230w, https:\/\/mapc.ong.br\/wp-content\/uploads\/2023\/11\/violas-4-400x400.jpg 400w, https:\/\/mapc.ong.br\/wp-content\/uploads\/2023\/11\/violas-4-640x640.jpg 640w\" sizes=\"(max-width: 150px) 100vw, 150px\" \/><\/a>\n\t\t\t<\/div><\/figure><figure class='gallery-item'>\n\t\t\t<div class='gallery-icon landscape'>\n\t\t\t\t<a data-elementor-open-lightbox=\"yes\" data-elementor-lightbox-slideshow=\"0871d63\" data-elementor-lightbox-title=\"violas (6)\" data-e-action-hash=\"#elementor-action%3Aaction%3Dlightbox%26settings%3DeyJpZCI6NDkwLCJ1cmwiOiJodHRwczpcL1wvbWFwYy5vbmcuYnJcL3dwLWNvbnRlbnRcL3VwbG9hZHNcLzIwMjNcLzExXC92aW9sYXMtNi1zY2FsZWQuanBnIiwic2xpZGVzaG93IjoiMDg3MWQ2MyJ9\" href='https:\/\/mapc.ong.br\/wp-content\/uploads\/2023\/11\/violas-6-scaled.jpg'><img loading=\"lazy\" decoding=\"async\" width=\"150\" height=\"150\" src=\"https:\/\/mapc.ong.br\/wp-content\/uploads\/2023\/11\/violas-6-150x150.jpg\" class=\"attachment-thumbnail size-thumbnail\" alt=\"\" srcset=\"https:\/\/mapc.ong.br\/wp-content\/uploads\/2023\/11\/violas-6-150x150.jpg 150w, https:\/\/mapc.ong.br\/wp-content\/uploads\/2023\/11\/violas-6-230x230.jpg 230w, https:\/\/mapc.ong.br\/wp-content\/uploads\/2023\/11\/violas-6-400x400.jpg 400w, https:\/\/mapc.ong.br\/wp-content\/uploads\/2023\/11\/violas-6-640x640.jpg 640w\" sizes=\"(max-width: 150px) 100vw, 150px\" \/><\/a>\n\t\t\t<\/div><\/figure><figure class='gallery-item'>\n\t\t\t<div class='gallery-icon landscape'>\n\t\t\t\t<a data-elementor-open-lightbox=\"yes\" data-elementor-lightbox-slideshow=\"0871d63\" data-elementor-lightbox-title=\"violas (7)\" data-e-action-hash=\"#elementor-action%3Aaction%3Dlightbox%26settings%3DeyJpZCI6NDkxLCJ1cmwiOiJodHRwczpcL1wvbWFwYy5vbmcuYnJcL3dwLWNvbnRlbnRcL3VwbG9hZHNcLzIwMjNcLzExXC92aW9sYXMtNy1zY2FsZWQuanBnIiwic2xpZGVzaG93IjoiMDg3MWQ2MyJ9\" href='https:\/\/mapc.ong.br\/wp-content\/uploads\/2023\/11\/violas-7-scaled.jpg'><img loading=\"lazy\" decoding=\"async\" width=\"150\" height=\"150\" src=\"https:\/\/mapc.ong.br\/wp-content\/uploads\/2023\/11\/violas-7-150x150.jpg\" class=\"attachment-thumbnail size-thumbnail\" alt=\"\" srcset=\"https:\/\/mapc.ong.br\/wp-content\/uploads\/2023\/11\/violas-7-150x150.jpg 150w, https:\/\/mapc.ong.br\/wp-content\/uploads\/2023\/11\/violas-7-230x230.jpg 230w, https:\/\/mapc.ong.br\/wp-content\/uploads\/2023\/11\/violas-7-400x400.jpg 400w, https:\/\/mapc.ong.br\/wp-content\/uploads\/2023\/11\/violas-7-640x640.jpg 640w\" sizes=\"(max-width: 150px) 100vw, 150px\" \/><\/a>\n\t\t\t<\/div><\/figure><figure class='gallery-item'>\n\t\t\t<div class='gallery-icon landscape'>\n\t\t\t\t<a data-elementor-open-lightbox=\"yes\" data-elementor-lightbox-slideshow=\"0871d63\" data-elementor-lightbox-title=\"violas (10)\" data-e-action-hash=\"#elementor-action%3Aaction%3Dlightbox%26settings%3DeyJpZCI6NDk0LCJ1cmwiOiJodHRwczpcL1wvbWFwYy5vbmcuYnJcL3dwLWNvbnRlbnRcL3VwbG9hZHNcLzIwMjNcLzExXC92aW9sYXMtMTAtc2NhbGVkLmpwZyIsInNsaWRlc2hvdyI6IjA4NzFkNjMifQ%3D%3D\" href='https:\/\/mapc.ong.br\/wp-content\/uploads\/2023\/11\/violas-10-scaled.jpg'><img loading=\"lazy\" decoding=\"async\" width=\"150\" height=\"150\" src=\"https:\/\/mapc.ong.br\/wp-content\/uploads\/2023\/11\/violas-10-150x150.jpg\" class=\"attachment-thumbnail size-thumbnail\" alt=\"\" srcset=\"https:\/\/mapc.ong.br\/wp-content\/uploads\/2023\/11\/violas-10-150x150.jpg 150w, https:\/\/mapc.ong.br\/wp-content\/uploads\/2023\/11\/violas-10-230x230.jpg 230w, https:\/\/mapc.ong.br\/wp-content\/uploads\/2023\/11\/violas-10-400x400.jpg 400w, https:\/\/mapc.ong.br\/wp-content\/uploads\/2023\/11\/violas-10-640x640.jpg 640w\" sizes=\"(max-width: 150px) 100vw, 150px\" \/><\/a>\n\t\t\t<\/div><\/figure><figure class='gallery-item'>\n\t\t\t<div class='gallery-icon landscape'>\n\t\t\t\t<a data-elementor-open-lightbox=\"yes\" data-elementor-lightbox-slideshow=\"0871d63\" data-elementor-lightbox-title=\"viola (4)\" data-e-action-hash=\"#elementor-action%3Aaction%3Dlightbox%26settings%3DeyJpZCI6NDcyLCJ1cmwiOiJodHRwczpcL1wvbWFwYy5vbmcuYnJcL3dwLWNvbnRlbnRcL3VwbG9hZHNcLzIwMjNcLzExXC92aW9sYS00LXNjYWxlZC5qcGciLCJzbGlkZXNob3ciOiIwODcxZDYzIn0%3D\" href='https:\/\/mapc.ong.br\/wp-content\/uploads\/2023\/11\/viola-4-scaled.jpg'><img loading=\"lazy\" decoding=\"async\" width=\"150\" height=\"150\" src=\"https:\/\/mapc.ong.br\/wp-content\/uploads\/2023\/11\/viola-4-150x150.jpg\" class=\"attachment-thumbnail size-thumbnail\" alt=\"\" srcset=\"https:\/\/mapc.ong.br\/wp-content\/uploads\/2023\/11\/viola-4-150x150.jpg 150w, https:\/\/mapc.ong.br\/wp-content\/uploads\/2023\/11\/viola-4-230x230.jpg 230w, https:\/\/mapc.ong.br\/wp-content\/uploads\/2023\/11\/viola-4-400x400.jpg 400w, https:\/\/mapc.ong.br\/wp-content\/uploads\/2023\/11\/viola-4-640x640.jpg 640w\" sizes=\"(max-width: 150px) 100vw, 150px\" \/><\/a>\n\t\t\t<\/div><\/figure><figure class='gallery-item'>\n\t\t\t<div class='gallery-icon landscape'>\n\t\t\t\t<a data-elementor-open-lightbox=\"yes\" data-elementor-lightbox-slideshow=\"0871d63\" data-elementor-lightbox-title=\"violas (8)\" data-e-action-hash=\"#elementor-action%3Aaction%3Dlightbox%26settings%3DeyJpZCI6NDkyLCJ1cmwiOiJodHRwczpcL1wvbWFwYy5vbmcuYnJcL3dwLWNvbnRlbnRcL3VwbG9hZHNcLzIwMjNcLzExXC92aW9sYXMtOC1zY2FsZWQuanBnIiwic2xpZGVzaG93IjoiMDg3MWQ2MyJ9\" href='https:\/\/mapc.ong.br\/wp-content\/uploads\/2023\/11\/violas-8-scaled.jpg'><img loading=\"lazy\" decoding=\"async\" width=\"150\" height=\"150\" src=\"https:\/\/mapc.ong.br\/wp-content\/uploads\/2023\/11\/violas-8-150x150.jpg\" class=\"attachment-thumbnail size-thumbnail\" alt=\"\" srcset=\"https:\/\/mapc.ong.br\/wp-content\/uploads\/2023\/11\/violas-8-150x150.jpg 150w, https:\/\/mapc.ong.br\/wp-content\/uploads\/2023\/11\/violas-8-230x230.jpg 230w, https:\/\/mapc.ong.br\/wp-content\/uploads\/2023\/11\/violas-8-400x400.jpg 400w, https:\/\/mapc.ong.br\/wp-content\/uploads\/2023\/11\/violas-8-640x640.jpg 640w\" sizes=\"(max-width: 150px) 100vw, 150px\" \/><\/a>\n\t\t\t<\/div><\/figure><figure class='gallery-item'>\n\t\t\t<div class='gallery-icon landscape'>\n\t\t\t\t<a data-elementor-open-lightbox=\"yes\" data-elementor-lightbox-slideshow=\"0871d63\" data-elementor-lightbox-title=\"violas (9)\" data-e-action-hash=\"#elementor-action%3Aaction%3Dlightbox%26settings%3DeyJpZCI6NDkzLCJ1cmwiOiJodHRwczpcL1wvbWFwYy5vbmcuYnJcL3dwLWNvbnRlbnRcL3VwbG9hZHNcLzIwMjNcLzExXC92aW9sYXMtOS1zY2FsZWQuanBnIiwic2xpZGVzaG93IjoiMDg3MWQ2MyJ9\" href='https:\/\/mapc.ong.br\/wp-content\/uploads\/2023\/11\/violas-9-scaled.jpg'><img loading=\"lazy\" decoding=\"async\" width=\"150\" height=\"150\" src=\"https:\/\/mapc.ong.br\/wp-content\/uploads\/2023\/11\/violas-9-150x150.jpg\" class=\"attachment-thumbnail size-thumbnail\" alt=\"\" srcset=\"https:\/\/mapc.ong.br\/wp-content\/uploads\/2023\/11\/violas-9-150x150.jpg 150w, https:\/\/mapc.ong.br\/wp-content\/uploads\/2023\/11\/violas-9-230x230.jpg 230w, https:\/\/mapc.ong.br\/wp-content\/uploads\/2023\/11\/violas-9-400x400.jpg 400w, https:\/\/mapc.ong.br\/wp-content\/uploads\/2023\/11\/violas-9-640x640.jpg 640w\" sizes=\"(max-width: 150px) 100vw, 150px\" \/><\/a>\n\t\t\t<\/div><\/figure>\n\t\t<\/div>\n\t\t<\/div>\n\t\t\t\t\t\t<\/div>\n\t\t\t\t<\/div>\n\t\t\t\t<\/div>\n\t\t<div class=\"elementor-element elementor-element-7705775 e-con-full e-flex e-con e-child\" data-id=\"7705775\" data-element_type=\"container\" data-e-type=\"container\">\n\t\t<div class=\"elementor-element elementor-element-82ca94d e-flex e-con-boxed e-con e-child\" data-id=\"82ca94d\" data-element_type=\"container\" data-e-type=\"container\">\n\t\t\t\t\t<div class=\"e-con-inner\">\n\t\t\t\t<div class=\"elementor-element elementor-element-718af43 elementor-widget elementor-widget-image\" data-id=\"718af43\" data-element_type=\"widget\" data-e-type=\"widget\" data-widget_type=\"image.default\">\n\t\t\t\t<div class=\"elementor-widget-container\">\n\t\t\t\t\t\t\t\t\t\t\t\t\t\t\t<img loading=\"lazy\" decoding=\"async\" width=\"1024\" height=\"683\" src=\"https:\/\/mapc.ong.br\/wp-content\/uploads\/2023\/11\/MAP-ABAETE-268-1024x683.jpg\" class=\"attachment-large size-large wp-image-473\" alt=\"\" srcset=\"https:\/\/mapc.ong.br\/wp-content\/uploads\/2023\/11\/MAP-ABAETE-268-1024x683.jpg 1024w, https:\/\/mapc.ong.br\/wp-content\/uploads\/2023\/11\/MAP-ABAETE-268-300x200.jpg 300w, https:\/\/mapc.ong.br\/wp-content\/uploads\/2023\/11\/MAP-ABAETE-268-768x512.jpg 768w, https:\/\/mapc.ong.br\/wp-content\/uploads\/2023\/11\/MAP-ABAETE-268-1536x1024.jpg 1536w, https:\/\/mapc.ong.br\/wp-content\/uploads\/2023\/11\/MAP-ABAETE-268-2048x1365.jpg 2048w, https:\/\/mapc.ong.br\/wp-content\/uploads\/2023\/11\/MAP-ABAETE-268-600x400.jpg 600w\" sizes=\"(max-width: 1024px) 100vw, 1024px\" \/>\t\t\t\t\t\t\t\t\t\t\t\t\t\t\t<\/div>\n\t\t\t\t<\/div>\n\t\t\t\t\t<\/div>\n\t\t\t\t<\/div>\n\t\t\t\t<div class=\"elementor-element elementor-element-f6a4639 elementor-widget elementor-widget-text-editor\" data-id=\"f6a4639\" data-element_type=\"widget\" data-e-type=\"widget\" data-widget_type=\"text-editor.default\">\n\t\t\t\t<div class=\"elementor-widget-container\">\n\t\t\t\t\t\t\t\t\t<p>Maestro M\u00e1rcio Cavalcanti &#8211; Professor, Maestro e Diretor Art\u00edstico<\/p>\t\t\t\t\t\t\t\t<\/div>\n\t\t\t\t<\/div>\n\t\t<div class=\"elementor-element elementor-element-86a9ece e-flex e-con-boxed e-con e-child\" data-id=\"86a9ece\" data-element_type=\"container\" data-e-type=\"container\">\n\t\t\t\t\t<div class=\"e-con-inner\">\n\t\t\t\t\t<\/div>\n\t\t\t\t<\/div>\n\t\t\t\t<\/div>\n\t\t\t\t\t<\/div>\n\t\t\t\t<\/div>\n\t\t\t\t<\/div>\n\t\t","protected":false},"excerpt":{"rendered":"<p>\u00c9 a voz do pe\u00e3o, ecoando nos campos vastos, A viola caipira, nos versos mais contrastos. No calor do fogo, nas noites serenas, Suas cordas narram as hist\u00f3rias mais plenas. Maestro M\u00e1rcio Cavalcanti &#8211; Professor, Maestro e Diretor Art\u00edstico<\/p>\n","protected":false},"author":2,"featured_media":0,"parent":0,"menu_order":0,"comment_status":"closed","ping_status":"closed","template":"elementor_header_footer","meta":{"_joinchat":[],"footnotes":""},"class_list":["post-144","page","type-page","status-publish","hentry"],"_links":{"self":[{"href":"https:\/\/mapc.ong.br\/index.php?rest_route=\/wp\/v2\/pages\/144","targetHints":{"allow":["GET"]}}],"collection":[{"href":"https:\/\/mapc.ong.br\/index.php?rest_route=\/wp\/v2\/pages"}],"about":[{"href":"https:\/\/mapc.ong.br\/index.php?rest_route=\/wp\/v2\/types\/page"}],"author":[{"embeddable":true,"href":"https:\/\/mapc.ong.br\/index.php?rest_route=\/wp\/v2\/users\/2"}],"replies":[{"embeddable":true,"href":"https:\/\/mapc.ong.br\/index.php?rest_route=%2Fwp%2Fv2%2Fcomments&post=144"}],"version-history":[{"count":13,"href":"https:\/\/mapc.ong.br\/index.php?rest_route=\/wp\/v2\/pages\/144\/revisions"}],"predecessor-version":[{"id":655,"href":"https:\/\/mapc.ong.br\/index.php?rest_route=\/wp\/v2\/pages\/144\/revisions\/655"}],"wp:attachment":[{"href":"https:\/\/mapc.ong.br\/index.php?rest_route=%2Fwp%2Fv2%2Fmedia&parent=144"}],"curies":[{"name":"wp","href":"https:\/\/api.w.org\/{rel}","templated":true}]}}