{"id":673,"date":"2023-11-18T10:08:10","date_gmt":"2023-11-18T13:08:10","guid":{"rendered":"https:\/\/mapc.ong.br\/?page_id=673"},"modified":"2023-11-18T19:34:36","modified_gmt":"2023-11-18T22:34:36","slug":"seja-um-apoiador","status":"publish","type":"page","link":"https:\/\/mapc.ong.br\/?page_id=673","title":{"rendered":"Seja Um Apoiador"},"content":{"rendered":"\t\t<div data-elementor-type=\"wp-page\" data-elementor-id=\"673\" class=\"elementor elementor-673\">\n\t\t\t\t<div class=\"elementor-element elementor-element-9bcc866 e-flex e-con-boxed e-con e-parent\" data-id=\"9bcc866\" data-element_type=\"container\" data-e-type=\"container\">\n\t\t\t\t\t<div class=\"e-con-inner\">\n\t\t\t\t<div class=\"elementor-element elementor-element-862a685 elementor-widget elementor-widget-image\" data-id=\"862a685\" data-element_type=\"widget\" data-e-type=\"widget\" data-widget_type=\"image.default\">\n\t\t\t\t<div class=\"elementor-widget-container\">\n\t\t\t\t\t\t\t\t\t\t\t\t\t\t\t<img decoding=\"async\" width=\"300\" height=\"153\" src=\"https:\/\/mapc.ong.br\/wp-content\/uploads\/2023\/11\/lei-rouane.fw_-300x153.png\" class=\"attachment-medium size-medium wp-image-794\" alt=\"\" srcset=\"https:\/\/mapc.ong.br\/wp-content\/uploads\/2023\/11\/lei-rouane.fw_-300x153.png 300w, https:\/\/mapc.ong.br\/wp-content\/uploads\/2023\/11\/lei-rouane.fw_-600x306.png 600w, https:\/\/mapc.ong.br\/wp-content\/uploads\/2023\/11\/lei-rouane.fw_.png 657w\" sizes=\"(max-width: 300px) 100vw, 300px\" \/>\t\t\t\t\t\t\t\t\t\t\t\t\t\t\t<\/div>\n\t\t\t\t<\/div>\n\t\t\t\t<div class=\"elementor-element elementor-element-058f010 elementor-widget elementor-widget-text-editor\" data-id=\"058f010\" data-element_type=\"widget\" data-e-type=\"widget\" data-widget_type=\"text-editor.default\">\n\t\t\t\t<div class=\"elementor-widget-container\">\n\t\t\t\t\t\t\t\t\t<p><span style=\"text-decoration: underline;\"><strong>Sabia que voc\u00ea pode contribuir com a nossa causa?<\/strong><\/span><\/p><p><span style=\"text-decoration: underline;\">1-Atrav\u00e9s de doa\u00e7\u00e3o direta<\/span><\/p><p>Nome: MAP<\/p><p>CNPJ 34.787.602\/0001-52<\/p><p>Banco: Sicoob<\/p><p>Ag\u00eancia: 3089<\/p><p>Conta: 38559<\/p><p>D\u00edgito: 0<\/p><p><span style=\"text-decoration: underline;\">2-Atrav\u00e9s do seu Imposto de renda<\/span><\/p><p>Seu imposto de renda pode transformar vidas<\/p><p>Nosso projeto j\u00e1 est\u00e1 aprovado na Lei Rouanet. Esta \u00e9 uma legisla\u00e7\u00e3o brasileira que visa incentivar a cultura e as artes no pa\u00eds, por meio de destina\u00e7\u00e3o fiscal concedida a projetos culturais.<\/p><p>Pessoas f\u00edsicas e empresas podem doar parte do imposto devido para o Projeto MAP Cultural.<\/p><p>Pessoas f\u00edsicas podem doar at\u00e9 6% e empresas podem doar at\u00e9 4% do imposto devido.<\/p><p>Doando atrav\u00e9s da lei Rouanet, o valor \u00e9 deduzido 100% na declara\u00e7\u00e3o de Imposto de Renda.<\/p><p>Para as empresas, al\u00e9m da dedu\u00e7\u00e3o de 100% no Imposto de Renda, h\u00e1 uma grande vantagem de associar sua marca a uma causa social que trar\u00e1 grandes benef\u00edcios de Marketing.<\/p><p>\u00a0<\/p>\t\t\t\t\t\t\t\t<\/div>\n\t\t\t\t<\/div>\n\t\t\t\t\t<\/div>\n\t\t\t\t<\/div>\n\t\t<div class=\"elementor-element elementor-element-939ec38 e-flex e-con-boxed e-con e-parent\" data-id=\"939ec38\" data-element_type=\"container\" data-e-type=\"container\">\n\t\t\t\t\t<div class=\"e-con-inner\">\n\t\t\t\t<div class=\"elementor-element elementor-element-80bd514 elementor-widget elementor-widget-text-editor\" data-id=\"80bd514\" data-element_type=\"widget\" data-e-type=\"widget\" data-widget_type=\"text-editor.default\">\n\t\t\t\t<div class=\"elementor-widget-container\">\n\t\t\t\t\t\t\t\t\t<p><span style=\"text-decoration: underline;\">Voc\u00ea Pessoa F\u00edsica ou Jur\u00eddica pode estar abra\u00e7ando esta causa. Entre em contato conosco.<\/span><\/p><p>Para maiores informa\u00e7\u00f5es:<\/p>\t\t\t\t\t\t\t\t<\/div>\n\t\t\t\t<\/div>\n\t\t\t\t<div class=\"elementor-element elementor-element-899e2db elementor-icon-list--layout-traditional elementor-list-item-link-full_width elementor-widget elementor-widget-icon-list\" data-id=\"899e2db\" data-element_type=\"widget\" data-e-type=\"widget\" data-widget_type=\"icon-list.default\">\n\t\t\t\t<div class=\"elementor-widget-container\">\n\t\t\t\t\t\t\t<ul class=\"elementor-icon-list-items\">\n\t\t\t\t\t\t\t<li class=\"elementor-icon-list-item\">\n\t\t\t\t\t\t\t\t\t\t\t<a href=\"https:\/\/wa.me\/+55378405-3772\">\n\n\t\t\t\t\t\t\t\t\t\t\t\t<span class=\"elementor-icon-list-icon\">\n\t\t\t\t\t\t\t<svg aria-hidden=\"true\" class=\"e-font-icon-svg e-fab-whatsapp\" viewBox=\"0 0 448 512\" xmlns=\"http:\/\/www.w3.org\/2000\/svg\"><path d=\"M380.9 97.1C339 55.1 283.2 32 223.9 32c-122.4 0-222 99.6-222 222 0 39.1 10.2 77.3 29.6 111L0 480l117.7-30.9c32.4 17.7 68.9 27 106.1 27h.1c122.3 0 224.1-99.6 224.1-222 0-59.3-25.2-115-67.1-157zm-157 341.6c-33.2 0-65.7-8.9-94-25.7l-6.7-4-69.8 18.3L72 359.2l-4.4-7c-18.5-29.4-28.2-63.3-28.2-98.2 0-101.7 82.8-184.5 184.6-184.5 49.3 0 95.6 19.2 130.4 54.1 34.8 34.9 56.2 81.2 56.1 130.5 0 101.8-84.9 184.6-186.6 184.6zm101.2-138.2c-5.5-2.8-32.8-16.2-37.9-18-5.1-1.9-8.8-2.8-12.5 2.8-3.7 5.6-14.3 18-17.6 21.8-3.2 3.7-6.5 4.2-12 1.4-32.6-16.3-54-29.1-75.5-66-5.7-9.8 5.7-9.1 16.3-30.3 1.8-3.7.9-6.9-.5-9.7-1.4-2.8-12.5-30.1-17.1-41.2-4.5-10.8-9.1-9.3-12.5-9.5-3.2-.2-6.9-.2-10.6-.2-3.7 0-9.7 1.4-14.8 6.9-5.1 5.6-19.4 19-19.4 46.3 0 27.3 19.9 53.7 22.6 57.4 2.8 3.7 39.1 59.7 94.8 83.8 35.2 15.2 49 16.5 66.6 13.9 10.7-1.6 32.8-13.4 37.4-26.4 4.6-13 4.6-24.1 3.2-26.4-1.3-2.5-5-3.9-10.5-6.6z\"><\/path><\/svg>\t\t\t\t\t\t<\/span>\n\t\t\t\t\t\t\t\t\t\t<span class=\"elementor-icon-list-text\">37 98405-3772<\/span>\n\t\t\t\t\t\t\t\t\t\t\t<\/a>\n\t\t\t\t\t\t\t\t\t<\/li>\n\t\t\t\t\t\t\t\t<li class=\"elementor-icon-list-item\">\n\t\t\t\t\t\t\t\t\t\t\t<a href=\"http:\/\/marcio@mapc.ong.br\">\n\n\t\t\t\t\t\t\t\t\t\t\t\t<span class=\"elementor-icon-list-icon\">\n\t\t\t\t\t\t\t<svg aria-hidden=\"true\" class=\"e-font-icon-svg e-far-envelope\" viewBox=\"0 0 512 512\" xmlns=\"http:\/\/www.w3.org\/2000\/svg\"><path d=\"M464 64H48C21.49 64 0 85.49 0 112v288c0 26.51 21.49 48 48 48h416c26.51 0 48-21.49 48-48V112c0-26.51-21.49-48-48-48zm0 48v40.805c-22.422 18.259-58.168 46.651-134.587 106.49-16.841 13.247-50.201 45.072-73.413 44.701-23.208.375-56.579-31.459-73.413-44.701C106.18 199.465 70.425 171.067 48 152.805V112h416zM48 400V214.398c22.914 18.251 55.409 43.862 104.938 82.646 21.857 17.205 60.134 55.186 103.062 54.955 42.717.231 80.509-37.199 103.053-54.947 49.528-38.783 82.032-64.401 104.947-82.653V400H48z\"><\/path><\/svg>\t\t\t\t\t\t<\/span>\n\t\t\t\t\t\t\t\t\t\t<span class=\"elementor-icon-list-text\">marcio@mapc.ong.br<\/span>\n\t\t\t\t\t\t\t\t\t\t\t<\/a>\n\t\t\t\t\t\t\t\t\t<\/li>\n\t\t\t\t\t\t<\/ul>\n\t\t\t\t\t\t<\/div>\n\t\t\t\t<\/div>\n\t\t\t\t\t<\/div>\n\t\t\t\t<\/div>\n\t\t\t\t<\/div>\n\t\t","protected":false},"excerpt":{"rendered":"<p>Sabia que voc\u00ea pode contribuir com a nossa causa? 1-Atrav\u00e9s de doa\u00e7\u00e3o direta Nome: MAP CNPJ 34.787.602\/0001-52 Banco: Sicoob Ag\u00eancia: 3089 Conta: 38559 D\u00edgito: 0 2-Atrav\u00e9s do seu Imposto de renda Seu imposto de renda pode transformar vidas Nosso projeto j\u00e1 est\u00e1 aprovado na Lei Rouanet. Esta \u00e9 uma legisla\u00e7\u00e3o brasileira que visa incentivar a [&hellip;]<\/p>\n","protected":false},"author":2,"featured_media":0,"parent":0,"menu_order":0,"comment_status":"closed","ping_status":"closed","template":"elementor_header_footer","meta":{"_joinchat":[],"footnotes":""},"class_list":["post-673","page","type-page","status-publish","hentry"],"_links":{"self":[{"href":"https:\/\/mapc.ong.br\/index.php?rest_route=\/wp\/v2\/pages\/673","targetHints":{"allow":["GET"]}}],"collection":[{"href":"https:\/\/mapc.ong.br\/index.php?rest_route=\/wp\/v2\/pages"}],"about":[{"href":"https:\/\/mapc.ong.br\/index.php?rest_route=\/wp\/v2\/types\/page"}],"author":[{"embeddable":true,"href":"https:\/\/mapc.ong.br\/index.php?rest_route=\/wp\/v2\/users\/2"}],"replies":[{"embeddable":true,"href":"https:\/\/mapc.ong.br\/index.php?rest_route=%2Fwp%2Fv2%2Fcomments&post=673"}],"version-history":[{"count":52,"href":"https:\/\/mapc.ong.br\/index.php?rest_route=\/wp\/v2\/pages\/673\/revisions"}],"predecessor-version":[{"id":870,"href":"https:\/\/mapc.ong.br\/index.php?rest_route=\/wp\/v2\/pages\/673\/revisions\/870"}],"wp:attachment":[{"href":"https:\/\/mapc.ong.br\/index.php?rest_route=%2Fwp%2Fv2%2Fmedia&parent=673"}],"curies":[{"name":"wp","href":"https:\/\/api.w.org\/{rel}","templated":true}]}}